{"id":276,"date":"2014-07-08T16:56:10","date_gmt":"2014-07-08T16:56:10","guid":{"rendered":"https:\/\/bioptic.net\/?page_id=276"},"modified":"2014-07-31T16:00:59","modified_gmt":"2014-07-31T16:00:59","slug":"para-ninos","status":"publish","type":"page","link":"https:\/\/www.bioptic.net\/es\/para-ninos\/","title":{"rendered":"Para Ni\u00f1os"},"content":{"rendered":"<div id='full_slider_1'  class='avia-fullwidth-slider main_color avia-shadow   avia-builder-el-0  el_before_av_section  avia-builder-el-first   container_wrap sidebar_right'  ><div  class='avia-slideshow av-av_slideshow_full-b1540f231e1448ef5bc61cc764d9fe80 avia-slideshow-no scaling av_slideshow_full avia-slide-slider av-slideshow-ui av-control-default av-slideshow-manual av-loop-once av-loop-manual-endless av-default-height-applied   avia-slideshow-1' data-slideshow-options=\"{&quot;animation&quot;:&quot;slide&quot;,&quot;autoplay&quot;:false,&quot;loop_autoplay&quot;:&quot;once&quot;,&quot;interval&quot;:5,&quot;loop_manual&quot;:&quot;manual-endless&quot;,&quot;autoplay_stopper&quot;:false,&quot;noNavigation&quot;:false,&quot;bg_slider&quot;:false,&quot;keep_padding&quot;:false,&quot;hoverpause&quot;:false,&quot;show_slide_delay&quot;:0}\"  itemprop=\"image\" itemscope=\"itemscope\" itemtype=\"https:\/\/schema.org\/ImageObject\" ><ul class='avia-slideshow-inner ' style='padding-bottom: 30%;'><li  class='avia-slideshow-slide av-av_slideshow_full-b1540f231e1448ef5bc61cc764d9fe80__0  av-single-slide slide-1 slide-odd'><div data-rel='slideshow-1' class='avia-slide-wrap '   ><div class='av-slideshow-caption av-av_slideshow_full-b1540f231e1448ef5bc61cc764d9fe80__0 caption_fullwidth caption_center caption_center_framed caption_framed'><div class=\"container caption_container\"><div class=\"slideshow_caption\"><div class=\"slideshow_inner_caption\"><div class=\"slideshow_align_caption\"><div class='avia-caption-content '  itemprop=\"description\" ><p><b>OPTOMETR\u00cdA<\/b><br \/>\n\u00bfTu hijo tiene problemas de aprendizaje escolar?<br \/>\nCon nuestra terapia aprender\u00e1 a utilizar su sistema visual<\/p>\n<\/div><\/div><\/div><\/div><\/div><\/div><img decoding=\"async\" fetchpriority=\"high\" class=\"wp-image-2110 avia-img-lazy-loading-not-2110\"  src=\"https:\/\/www.bioptic.net\/wp-content\/uploads\/2014\/07\/slider-optometria.jpg\" width=\"2000\" height=\"600\" title='slider-optometria' alt='Una joven se sienta en una silla de exploraci\u00f3n ocular. A la izquierda, lleva una montura de prueba mientras un optometrista le coloca una lente delante del ojo. A la derecha, sonr\u00ede tras el examen.'  itemprop=\"thumbnailUrl\" srcset=\"https:\/\/www.bioptic.net\/wp-content\/uploads\/2014\/07\/slider-optometria.jpg 2000w, https:\/\/www.bioptic.net\/wp-content\/uploads\/2014\/07\/slider-optometria-300x90.jpg 300w, https:\/\/www.bioptic.net\/wp-content\/uploads\/2014\/07\/slider-optometria-1030x309.jpg 1030w, https:\/\/www.bioptic.net\/wp-content\/uploads\/2014\/07\/slider-optometria-1500x450.jpg 1500w, https:\/\/www.bioptic.net\/wp-content\/uploads\/2014\/07\/slider-optometria-705x211.jpg 705w, https:\/\/www.bioptic.net\/wp-content\/uploads\/2014\/07\/slider-optometria-450x135.jpg 450w\" sizes=\"(max-width: 2000px) 100vw, 2000px\" \/><\/div><\/li><\/ul><\/div><\/div>\n\n<style type=\"text\/css\" data-created_by=\"avia_inline_auto\" id=\"style-css-av-av_section-48f3502a3de31e4984d991d62222f8f7\">\n.avia-section.av-av_section-48f3502a3de31e4984d991d62222f8f7{\nbackground-color:#ffffff;\nbackground-image:unset;\n}\n<\/style>\n<div id='block-blanco'  class='avia-section av-av_section-48f3502a3de31e4984d991d62222f8f7 main_color avia-section-default avia-no-border-styling  avia-builder-el-1  el_after_av_slideshow_full  el_before_av_section  avia-bg-style-scroll container_wrap sidebar_right'  ><div class='container av-section-cont-open' ><div class='template-page content  av-content-small alpha units'><div class='post-entry post-entry-type-page post-entry-276'><div class='entry-content-wrapper clearfix'>\n\n<style type=\"text\/css\" data-created_by=\"avia_inline_auto\" id=\"style-css-av-av_heading-125d8104ea23190b80c9d2f0e51c93f3\">\n#top .av-special-heading.av-av_heading-125d8104ea23190b80c9d2f0e51c93f3{\npadding-bottom:15px;\n}\nbody .av-special-heading.av-av_heading-125d8104ea23190b80c9d2f0e51c93f3 .av-special-heading-tag .heading-char{\nfont-size:25px;\n}\n.av-special-heading.av-av_heading-125d8104ea23190b80c9d2f0e51c93f3 .av-subheading{\nfont-size:15px;\n}\n<\/style>\n<div  class='av-special-heading av-av_heading-125d8104ea23190b80c9d2f0e51c93f3 av-special-heading-h2 custom-color-heading blockquote modern-quote modern-centered  avia-builder-el-2  el_before_av_textblock  avia-builder-el-first '><h2 class='av-special-heading-tag '  itemprop=\"headline\"  >PARA NI\u00d1OS<\/h2><div class=\"special-heading-border\"><div class=\"special-heading-inner-border\"><\/div><\/div><\/div>\n<section  class='av_textblock_section av-av_textblock-a2abf683283c7446c7be9a9d766b40e6 '   itemscope=\"itemscope\" itemtype=\"https:\/\/schema.org\/CreativeWork\" ><div class='avia_textblock'  itemprop=\"text\" ><p>\u00bfTiene tu hijo problemas de aprendizaje escolar: mala comprensi\u00f3n lectora, falta de concentraci\u00f3n, inversiones, lateralidad cruzada? \u00bfSe<strong> cansa cuando lee? \u00bfTiene problemas de percepci\u00f3n?<\/strong><\/p>\n<p>El 80% de la informaci\u00f3n que reciben los ni\u00f1os en el colegio les llega a trav\u00e9s de los ojos.<\/p>\n<\/div><\/section>\n\n<style type=\"text\/css\" data-created_by=\"avia_inline_auto\" id=\"style-css-av-av_heading-308ce8a3c2f97775cae556b595fc9f20\">\n#top .av-special-heading.av-av_heading-308ce8a3c2f97775cae556b595fc9f20{\npadding-bottom:15px;\nfont-size:20px;\n}\nbody .av-special-heading.av-av_heading-308ce8a3c2f97775cae556b595fc9f20 .av-special-heading-tag .heading-char{\nfont-size:25px;\n}\n#top #wrap_all .av-special-heading.av-av_heading-308ce8a3c2f97775cae556b595fc9f20 .av-special-heading-tag{\nfont-size:20px;\n}\n.av-special-heading.av-av_heading-308ce8a3c2f97775cae556b595fc9f20 .av-subheading{\nfont-size:15px;\n}\n\n@media only screen and (min-width: 480px) and (max-width: 767px){ \n#top #wrap_all .av-special-heading.av-av_heading-308ce8a3c2f97775cae556b595fc9f20 .av-special-heading-tag{\nfont-size:0.8em;\n}\n}\n\n@media only screen and (max-width: 479px){ \n#top #wrap_all .av-special-heading.av-av_heading-308ce8a3c2f97775cae556b595fc9f20 .av-special-heading-tag{\nfont-size:0.8em;\n}\n}\n<\/style>\n<div  class='av-special-heading av-av_heading-308ce8a3c2f97775cae556b595fc9f20 av-special-heading-h2 custom-color-heading blockquote modern-quote modern-centered  avia-builder-el-4  el_after_av_textblock  el_before_av_textblock  av-inherit-size'><h2 class='av-special-heading-tag '  itemprop=\"headline\"  >\u00bfSabes que podemos reeducar su visi\u00f3n?<\/h2><div class=\"special-heading-border\"><div class=\"special-heading-inner-border\"><\/div><\/div><\/div>\n<section  class='av_textblock_section av-av_textblock-a2abf683283c7446c7be9a9d766b40e6 '   itemscope=\"itemscope\" itemtype=\"https:\/\/schema.org\/CreativeWork\" ><div class='avia_textblock'  itemprop=\"text\" ><p>Con la\u00a0<b>detecci\u00f3n precoz<\/b>\u00a0de defectos visuales y con <strong>nuestra terapia<\/strong><b>\u00a0visual personalizada\u00a0<\/b>podemos corregir anomal\u00edas antes de que lleguen a\u00a0convertirse en grandes alteraciones.<\/p>\n<p>A trav\u00e9s de diferentes ejercicios, tu hijo aprender\u00e1 a utilizar correctamente su sistema visual y empezar\u00e1 a recibir, procesar y comprender la informaci\u00f3n que recibe a trav\u00e9s de sus ojos.<\/p>\n<\/div><\/section>\n<\/div><\/div><\/div><!-- close content main div --><\/div><\/div>\n<style type=\"text\/css\" data-created_by=\"avia_inline_auto\" id=\"style-css-av-av_section-9382b336c2b20f25d8028b04e013f4af\">\n.avia-section.av-av_section-9382b336c2b20f25d8028b04e013f4af{\nbackground-color:#0698A7;\nbackground-image:unset;\n}\n<\/style>\n<div id='block-azul-oscuro'  class='avia-section av-av_section-9382b336c2b20f25d8028b04e013f4af main_color avia-section-large avia-no-border-styling  avia-builder-el-6  el_after_av_section  avia-builder-el-last  avia-bg-style-scroll container_wrap sidebar_right'  ><div class='container av-section-cont-open' ><div class='template-page content  av-content-small alpha units'><div class='post-entry post-entry-type-page post-entry-276'><div class='entry-content-wrapper clearfix'>\n<div  class='avia-button-wrap av-av_button-3c9a2e2107dffeb11dbe0a2ce54a2bea-wrap avia-button-center  avia-builder-el-7  avia-builder-el-no-sibling '>\n<style type=\"text\/css\" data-created_by=\"avia_inline_auto\" id=\"style-css-av-av_button-3c9a2e2107dffeb11dbe0a2ce54a2bea\">\n#top #wrap_all .avia-button.av-av_button-3c9a2e2107dffeb11dbe0a2ce54a2bea{\nbackground-color:#068895;\nborder-color:#068895;\ncolor:#444444;\ntransition:all 0.4s ease-in-out;\n}\n#top #wrap_all .avia-button.av-av_button-3c9a2e2107dffeb11dbe0a2ce54a2bea .avia-svg-icon svg:first-child{\nfill:#444444;\nstroke:#444444;\n}\n<\/style>\n<a href='https:\/\/www.bioptic.net\/es\/contacta\/'  class='avia-button av-av_button-3c9a2e2107dffeb11dbe0a2ce54a2bea av-link-btn avia-icon_select-no avia-size-large avia-position-center'   aria-label=\"Programa una visita y ayuda a tu hijo a superar sus problemas de visi\u00f3n\"><span class='avia_iconbox_title' >Programa una visita y ayuda a tu hijo a superar sus problemas de visi\u00f3n<\/span><\/a><\/div>\n<\/div><\/div><\/div><!-- close content main div --><\/div><\/div><div id='after_section_2'  class='main_color av_default_container_wrap container_wrap sidebar_right'  ><div class='container av-section-cont-open' ><div class='template-page content  av-content-small alpha units'><div class='post-entry post-entry-type-page post-entry-276'><div class='entry-content-wrapper clearfix'><\/p>\n","protected":false},"excerpt":{"rendered":"","protected":false},"author":1,"featured_media":0,"parent":0,"menu_order":0,"comment_status":"open","ping_status":"closed","template":"","meta":{"_exactmetrics_skip_tracking":false,"_exactmetrics_sitenote_active":false,"_exactmetrics_sitenote_note":"","_exactmetrics_sitenote_category":0,"_joinchat":[],"footnotes":""},"class_list":["post-276","page","type-page","status-publish","hentry"],"yoast_head":"<!-- This site is optimized with the Yoast SEO plugin v27.1.1 - https:\/\/yoast.com\/product\/yoast-seo-wordpress\/ -->\n<title>Para Ni\u00f1os - Bi\u00f2ptic - Orto-K, Optometria y \u00d3ptica en Barcelona<\/title>\n<meta name=\"robots\" content=\"index, follow, max-snippet:-1, max-image-preview:large, max-video-preview:-1\" \/>\n<link rel=\"canonical\" href=\"https:\/\/www.bioptic.net\/es\/para-ninos\/\" \/>\n<meta property=\"og:locale\" content=\"es_ES\" \/>\n<meta property=\"og:type\" content=\"article\" \/>\n<meta property=\"og:title\" content=\"Para Ni\u00f1os - Bi\u00f2ptic - Orto-K, Optometria y \u00d3ptica en Barcelona\" \/>\n<meta property=\"og:url\" content=\"https:\/\/www.bioptic.net\/es\/para-ninos\/\" \/>\n<meta property=\"og:site_name\" content=\"Bi\u00f2ptic - Orto-K, Optometria y \u00d3ptica en Barcelona\" \/>\n<meta property=\"article:publisher\" content=\"https:\/\/www.facebook.com\/bioptic\" \/>\n<meta property=\"article:modified_time\" content=\"2014-07-31T16:00:59+00:00\" \/>\n<meta name=\"twitter:label1\" content=\"Tiempo de lectura\" \/>\n\t<meta name=\"twitter:data1\" content=\"2 minutos\" \/>\n<script type=\"application\/ld+json\" class=\"yoast-schema-graph\">{\"@context\":\"https:\/\/schema.org\",\"@graph\":[{\"@type\":\"WebPage\",\"@id\":\"https:\/\/www.bioptic.net\/es\/para-ninos\/\",\"url\":\"https:\/\/www.bioptic.net\/es\/para-ninos\/\",\"name\":\"Para Ni\u00f1os - Bi\u00f2ptic - Orto-K, Optometria y \u00d3ptica en Barcelona\",\"isPartOf\":{\"@id\":\"https:\/\/www.bioptic.net\/es\/#website\"},\"datePublished\":\"2014-07-08T16:56:10+00:00\",\"dateModified\":\"2014-07-31T16:00:59+00:00\",\"breadcrumb\":{\"@id\":\"https:\/\/www.bioptic.net\/es\/para-ninos\/#breadcrumb\"},\"inLanguage\":\"es\",\"potentialAction\":[{\"@type\":\"ReadAction\",\"target\":[\"https:\/\/www.bioptic.net\/es\/para-ninos\/\"]}]},{\"@type\":\"BreadcrumbList\",\"@id\":\"https:\/\/www.bioptic.net\/es\/para-ninos\/#breadcrumb\",\"itemListElement\":[{\"@type\":\"ListItem\",\"position\":1,\"name\":\"Inici\",\"item\":\"https:\/\/www.bioptic.net\/es\/\"},{\"@type\":\"ListItem\",\"position\":2,\"name\":\"Para Ni\u00f1os\"}]},{\"@type\":\"WebSite\",\"@id\":\"https:\/\/www.bioptic.net\/es\/#website\",\"url\":\"https:\/\/www.bioptic.net\/es\/\",\"name\":\"Bi\u00f2ptic - Orto-K, Optometria y \u00d3ptica en Barcelona\",\"description\":\"Centro de la visi\u00f3n en Barcelona. Orto-K, Optometr\u00eda, \u00d3ptica, Lentes de Contacto, CRT, Problemas de visi\u00f3n, Terapia Visual.\",\"potentialAction\":[{\"@type\":\"SearchAction\",\"target\":{\"@type\":\"EntryPoint\",\"urlTemplate\":\"https:\/\/www.bioptic.net\/es\/?s={search_term_string}\"},\"query-input\":{\"@type\":\"PropertyValueSpecification\",\"valueRequired\":true,\"valueName\":\"search_term_string\"}}],\"inLanguage\":\"es\"}]}<\/script>\n<!-- \/ Yoast SEO plugin. -->","yoast_head_json":{"title":"Para Ni\u00f1os - Bi\u00f2ptic - Orto-K, Optometria y \u00d3ptica en Barcelona","robots":{"index":"index","follow":"follow","max-snippet":"max-snippet:-1","max-image-preview":"max-image-preview:large","max-video-preview":"max-video-preview:-1"},"canonical":"https:\/\/www.bioptic.net\/es\/para-ninos\/","og_locale":"es_ES","og_type":"article","og_title":"Para Ni\u00f1os - Bi\u00f2ptic - Orto-K, Optometria y \u00d3ptica en Barcelona","og_url":"https:\/\/www.bioptic.net\/es\/para-ninos\/","og_site_name":"Bi\u00f2ptic - Orto-K, Optometria y \u00d3ptica en Barcelona","article_publisher":"https:\/\/www.facebook.com\/bioptic","article_modified_time":"2014-07-31T16:00:59+00:00","twitter_misc":{"Tiempo de lectura":"2 minutos"},"schema":{"@context":"https:\/\/schema.org","@graph":[{"@type":"WebPage","@id":"https:\/\/www.bioptic.net\/es\/para-ninos\/","url":"https:\/\/www.bioptic.net\/es\/para-ninos\/","name":"Para Ni\u00f1os - Bi\u00f2ptic - Orto-K, Optometria y \u00d3ptica en Barcelona","isPartOf":{"@id":"https:\/\/www.bioptic.net\/es\/#website"},"datePublished":"2014-07-08T16:56:10+00:00","dateModified":"2014-07-31T16:00:59+00:00","breadcrumb":{"@id":"https:\/\/www.bioptic.net\/es\/para-ninos\/#breadcrumb"},"inLanguage":"es","potentialAction":[{"@type":"ReadAction","target":["https:\/\/www.bioptic.net\/es\/para-ninos\/"]}]},{"@type":"BreadcrumbList","@id":"https:\/\/www.bioptic.net\/es\/para-ninos\/#breadcrumb","itemListElement":[{"@type":"ListItem","position":1,"name":"Inici","item":"https:\/\/www.bioptic.net\/es\/"},{"@type":"ListItem","position":2,"name":"Para Ni\u00f1os"}]},{"@type":"WebSite","@id":"https:\/\/www.bioptic.net\/es\/#website","url":"https:\/\/www.bioptic.net\/es\/","name":"Bi\u00f2ptic - Orto-K, Optometria y \u00d3ptica en Barcelona","description":"Centro de la visi\u00f3n en Barcelona. Orto-K, Optometr\u00eda, \u00d3ptica, Lentes de Contacto, CRT, Problemas de visi\u00f3n, Terapia Visual.","potentialAction":[{"@type":"SearchAction","target":{"@type":"EntryPoint","urlTemplate":"https:\/\/www.bioptic.net\/es\/?s={search_term_string}"},"query-input":{"@type":"PropertyValueSpecification","valueRequired":true,"valueName":"search_term_string"}}],"inLanguage":"es"}]}},"_links":{"self":[{"href":"https:\/\/www.bioptic.net\/es\/wp-json\/wp\/v2\/pages\/276","targetHints":{"allow":["GET"]}}],"collection":[{"href":"https:\/\/www.bioptic.net\/es\/wp-json\/wp\/v2\/pages"}],"about":[{"href":"https:\/\/www.bioptic.net\/es\/wp-json\/wp\/v2\/types\/page"}],"author":[{"embeddable":true,"href":"https:\/\/www.bioptic.net\/es\/wp-json\/wp\/v2\/users\/1"}],"replies":[{"embeddable":true,"href":"https:\/\/www.bioptic.net\/es\/wp-json\/wp\/v2\/comments?post=276"}],"version-history":[{"count":0,"href":"https:\/\/www.bioptic.net\/es\/wp-json\/wp\/v2\/pages\/276\/revisions"}],"wp:attachment":[{"href":"https:\/\/www.bioptic.net\/es\/wp-json\/wp\/v2\/media?parent=276"}],"curies":[{"name":"wp","href":"https:\/\/api.w.org\/{rel}","templated":true}]}}