{"id":1331,"date":"2016-01-03T09:48:53","date_gmt":"2016-01-03T09:48:53","guid":{"rendered":"https:\/\/bioptic.net\/?page_id=1331"},"modified":"2019-04-29T14:58:17","modified_gmt":"2019-04-29T14:58:17","slug":"terapia-visual","status":"publish","type":"page","link":"https:\/\/www.bioptic.net\/es\/optometria-adultos\/terapia-visual\/","title":{"rendered":"Terapia Visual"},"content":{"rendered":"<div id='full_slider_1'  class='avia-fullwidth-slider main_color avia-shadow   avia-builder-el-0  el_before_av_section  avia-builder-el-first   container_wrap sidebar_right'  ><div  class='avia-slideshow av-av_slideshow_full-7c89eef234b705e7a4d2de62d66c7ebb avia-slideshow-no scaling av_slideshow_full avia-slide-slider av-slideshow-ui av-control-default av-slideshow-manual av-loop-once av-loop-manual-endless av-default-height-applied   avia-slideshow-1' data-slideshow-options=\"{&quot;animation&quot;:&quot;slide&quot;,&quot;autoplay&quot;:false,&quot;loop_autoplay&quot;:&quot;once&quot;,&quot;interval&quot;:5,&quot;loop_manual&quot;:&quot;manual-endless&quot;,&quot;autoplay_stopper&quot;:false,&quot;noNavigation&quot;:false,&quot;bg_slider&quot;:false,&quot;keep_padding&quot;:false,&quot;hoverpause&quot;:false,&quot;show_slide_delay&quot;:0}\"  itemprop=\"image\" itemscope=\"itemscope\" itemtype=\"https:\/\/schema.org\/ImageObject\" ><ul class='avia-slideshow-inner ' style='padding-bottom: 30%;'><li  class='avia-slideshow-slide av-av_slideshow_full-7c89eef234b705e7a4d2de62d66c7ebb__0  av-single-slide slide-1 slide-odd'><div data-rel='slideshow-1' class='avia-slide-wrap '   ><div class='av-slideshow-caption av-av_slideshow_full-7c89eef234b705e7a4d2de62d66c7ebb__0 caption_fullwidth caption_center caption_center_framed caption_framed'><div class=\"container caption_container\"><div class=\"slideshow_caption\"><div class=\"slideshow_inner_caption\"><div class=\"slideshow_align_caption\"><div class='avia-caption-content '  itemprop=\"description\" ><p><b>TERAPIA VISUAL<\/b><br \/>\nPrograma de ejercicios personalizado<\/p>\n<\/div><\/div><\/div><\/div><\/div><\/div><img decoding=\"async\" fetchpriority=\"high\" class=\"wp-image-2112 avia-img-lazy-loading-not-2112\"  src=\"https:\/\/www.bioptic.net\/wp-content\/uploads\/2014\/07\/slider-adultos.jpg\" width=\"2000\" height=\"600\" title='slider-adultos' alt='Imagen dividida: A la izquierda, una persona se somete a un examen ocular con un for\u00f3ptero. A la derecha, una mujer sonriente con bufanda hace un gesto con el pulgar hacia arriba, lo que sugiere satisfacci\u00f3n o aprobaci\u00f3n.'  itemprop=\"thumbnailUrl\" srcset=\"https:\/\/www.bioptic.net\/wp-content\/uploads\/2014\/07\/slider-adultos.jpg 2000w, https:\/\/www.bioptic.net\/wp-content\/uploads\/2014\/07\/slider-adultos-300x90.jpg 300w, https:\/\/www.bioptic.net\/wp-content\/uploads\/2014\/07\/slider-adultos-1030x309.jpg 1030w, https:\/\/www.bioptic.net\/wp-content\/uploads\/2014\/07\/slider-adultos-1500x450.jpg 1500w, https:\/\/www.bioptic.net\/wp-content\/uploads\/2014\/07\/slider-adultos-705x211.jpg 705w, https:\/\/www.bioptic.net\/wp-content\/uploads\/2014\/07\/slider-adultos-450x135.jpg 450w\" sizes=\"(max-width: 2000px) 100vw, 2000px\" \/><\/div><\/li><\/ul><\/div><\/div>\n<div id='block-blanco'  class='avia-section av-av_section-2f6d161c08e8b90e90da92720f9c8722 main_color avia-section-default avia-no-shadow  avia-builder-el-1  el_after_av_slideshow_full  el_before_av_heading  avia-bg-style-scroll container_wrap sidebar_right'  ><div class='container av-section-cont-open' ><div class='template-page content  av-content-small alpha units'><div class='post-entry post-entry-type-page post-entry-1331'><div class='entry-content-wrapper clearfix'>\n\n<style type=\"text\/css\" data-created_by=\"avia_inline_auto\" id=\"style-css-av-av_heading-e937c33ff9a4487730215330c6da8463\">\n#top .av-special-heading.av-av_heading-e937c33ff9a4487730215330c6da8463{\npadding-bottom:15px;\n}\nbody .av-special-heading.av-av_heading-e937c33ff9a4487730215330c6da8463 .av-special-heading-tag .heading-char{\nfont-size:25px;\n}\n.av-special-heading.av-av_heading-e937c33ff9a4487730215330c6da8463 .av-subheading{\nfont-size:15px;\n}\n<\/style>\n<div  class='av-special-heading av-av_heading-e937c33ff9a4487730215330c6da8463 av-special-heading-h2 custom-color-heading blockquote modern-quote modern-centered  avia-builder-el-2  el_before_av_textblock  avia-builder-el-first '><h2 class='av-special-heading-tag '  itemprop=\"headline\"  >Terapia Visual<\/h2><div class=\"special-heading-border\"><div class=\"special-heading-inner-border\"><\/div><\/div><\/div>\n<section  class='av_textblock_section av-av_textblock-396ddf1f42196ca838231e61a4602801 '   itemscope=\"itemscope\" itemtype=\"https:\/\/schema.org\/CreativeWork\" ><div class='avia_textblock'  itemprop=\"text\" ><p class=\"p1\">La terapia visual, tambi\u00e9n conocida como entrenamiento visual, es un programa de ejercicios destinados a corregir y mejorar las diferentes habilidades visuales funcionales y perceptuales.<\/p>\n<p class=\"p1\"><strong>El 80% de la informaci\u00f3n que reciben los ni\u00f1os en el aula entra por los ojos.<\/strong> Tener una agudeza visual del 100% no es garant\u00eda de una buena visi\u00f3n. <strong>Tener una buena visi\u00f3n implica saber identificar, interpretar y comprender lo que vemos.<\/strong><\/p>\n<\/div><\/section>\n\n<style type=\"text\/css\" data-created_by=\"avia_inline_auto\" id=\"style-css-av-av_heading-355afb6461787614102111c3a48589e3\">\n#top .av-special-heading.av-av_heading-355afb6461787614102111c3a48589e3{\npadding-bottom:0;\n}\nbody .av-special-heading.av-av_heading-355afb6461787614102111c3a48589e3 .av-special-heading-tag .heading-char{\nfont-size:25px;\n}\n.av-special-heading.av-av_heading-355afb6461787614102111c3a48589e3 .av-subheading{\nfont-size:15px;\n}\n<\/style>\n<div  class='av-special-heading av-av_heading-355afb6461787614102111c3a48589e3 av-special-heading-h3  avia-builder-el-4  el_after_av_textblock  el_before_av_heading '><h3 class='av-special-heading-tag '  itemprop=\"headline\"  >Si detectas alguno de estos s\u00edntomas en tu hijo, ponte en contacto con nosotros a trav\u00e9s del siguiente formulario para concertar un examen optom\u00e9trico.<\/h3><div class=\"special-heading-border\"><div class=\"special-heading-inner-border\"><\/div><\/div><\/div>\n\n<style type=\"text\/css\" data-created_by=\"avia_inline_auto\" id=\"style-css-av-av_heading-776e5989ef6154519a9152b9be8be2bf\">\n#top .av-special-heading.av-av_heading-776e5989ef6154519a9152b9be8be2bf{\npadding-bottom:0;\n}\nbody .av-special-heading.av-av_heading-776e5989ef6154519a9152b9be8be2bf .av-special-heading-tag .heading-char{\nfont-size:25px;\n}\n.av-special-heading.av-av_heading-776e5989ef6154519a9152b9be8be2bf .av-subheading{\nfont-size:15px;\n}\n<\/style>\n<div  class='av-special-heading av-av_heading-776e5989ef6154519a9152b9be8be2bf av-special-heading-h3  avia-builder-el-5  el_after_av_heading  avia-builder-el-last '><h3 class='av-special-heading-tag '  itemprop=\"headline\"  >Si eres un maestro o profesor y detectas alguno de estos s\u00edntomas, ponte en contacto con los padres o tutores del alumno.<\/h3><div class=\"special-heading-border\"><div class=\"special-heading-inner-border\"><\/div><\/div><\/div>\n<\/div><\/div><\/div><!-- close content main div --><\/div><\/div><div id='after_section_1'  class='main_color av_default_container_wrap container_wrap sidebar_right'  ><div class='container av-section-cont-open' ><div class='template-page content  av-content-small alpha units'><div class='post-entry post-entry-type-page post-entry-1331'><div class='entry-content-wrapper clearfix'>\n\n<style type=\"text\/css\" data-created_by=\"avia_inline_auto\" id=\"style-css-av-av_heading-0adc18859bea31ec7c01ce4438818216\">\n#top .av-special-heading.av-av_heading-0adc18859bea31ec7c01ce4438818216{\npadding-bottom:15px;\nfont-size:20px;\n}\nbody .av-special-heading.av-av_heading-0adc18859bea31ec7c01ce4438818216 .av-special-heading-tag .heading-char{\nfont-size:25px;\n}\n#top #wrap_all .av-special-heading.av-av_heading-0adc18859bea31ec7c01ce4438818216 .av-special-heading-tag{\nfont-size:20px;\n}\n.av-special-heading.av-av_heading-0adc18859bea31ec7c01ce4438818216 .av-subheading{\nfont-size:15px;\n}\n\n@media only screen and (min-width: 480px) and (max-width: 767px){ \n#top #wrap_all .av-special-heading.av-av_heading-0adc18859bea31ec7c01ce4438818216 .av-special-heading-tag{\nfont-size:0.8em;\n}\n}\n\n@media only screen and (max-width: 479px){ \n#top #wrap_all .av-special-heading.av-av_heading-0adc18859bea31ec7c01ce4438818216 .av-special-heading-tag{\nfont-size:0.8em;\n}\n}\n<\/style>\n<div  class='av-special-heading av-av_heading-0adc18859bea31ec7c01ce4438818216 av-special-heading-h2 blockquote modern-quote modern-centered  avia-builder-el-6  el_after_av_section  el_before_av_contact  avia-builder-el-first  av-inherit-size'><h2 class='av-special-heading-tag '  itemprop=\"headline\"  >Rellena el siguiente formulario y nos pondremos en contacto contigo r\u00e1pidamente:<\/h2><div class=\"special-heading-border\"><div class=\"special-heading-inner-border\"><\/div><\/div><\/div>\n<form action=\"https:\/\/www.bioptic.net\/es\/optometria-adultos\/terapia-visual\/\" method=\"post\" data-fields-with-error=\"Found errors in the following field(s):\" class=\"avia_ajax_form av-form-labels-visible   avia-builder-el-7  el_after_av_heading  avia-builder-el-last   \" data-avia-form-id=\"1\" data-avia-redirect='' ><fieldset><p class='  first_form  form_element form_fullwidth' id='element_avia_1_1'><label for=\"avia_1_1\">Nombre <abbr class=\"required\" title=\"requerido\">*<\/abbr><\/label> <input name=\"avia_1_1\" class=\"text_input is_empty\" type=\"text\" id=\"avia_1_1\" value=\"\" \/><\/p><p class='  first_form  form_element form_fullwidth' id='element_avia_2_1'><label for=\"avia_2_1\">Apellido<\/label> <input name=\"avia_2_1\" class=\"text_input \" type=\"text\" id=\"avia_2_1\" value=\"\" \/><\/p><p class='  first_form  form_element form_fullwidth' id='element_avia_3_1'><label for=\"avia_3_1\">E-Mail <abbr class=\"required\" title=\"requerido\">*<\/abbr><\/label> <input name=\"avia_3_1\" class=\"text_input is_email\" type=\"text\" id=\"avia_3_1\" value=\"\" \/><\/p><p class='  first_form  form_element form_fullwidth' id='element_avia_4_1'><label for=\"avia_4_1\">Tel\u00e9fono <abbr class=\"required\" title=\"requerido\">*<\/abbr><\/label> <input name=\"avia_4_1\" class=\"text_input is_phone\" type=\"text\" id=\"avia_4_1\" value=\"\" \/><\/p><p class='  first_form  form_element form_fullwidth' id='element_avia_5_1'><label for=\"avia_5_1\">Poblaci\u00f3n <abbr class=\"required\" title=\"requerido\">*<\/abbr><\/label> <input name=\"avia_5_1\" class=\"text_input is_empty\" type=\"text\" id=\"avia_5_1\" value=\"\" \/><\/p><p class='  first_form  form_element form_fullwidth' id='element_avia_6_1'><label for=\"avia_6_1\">Actualmente utilizo:  <abbr class=\"required\" title=\"requerido\">*<\/abbr><\/label><select  name=\"avia_6_1\" class=\"select is_empty\" id=\"avia_6_1\"><option   value='Lentes de contacto'>Lentes de contacto<\/option><option   value='Gafas'>Gafas<\/option><\/select><\/p><p class='  first_form  form_element form_fullwidth av-last-visible-form-element' id='element_avia_7_1'><input  name=\"avia_7_1\" class=\"input_checkbox is_empty\" type=\"checkbox\" id=\"avia_7_1\" value=\"true\"\/><label class=\"input_checkbox_label\" for=\"avia_7_1\">Acepto los <a href=\"https:\/\/www.bioptic.net\/es\/aviso-legal-politica-privacidad\/\">t\u00e9rminos y condiciones legales<\/a> <abbr class=\"required\" title=\"requerido\">*<\/abbr><\/label><\/p><p class=\"hidden\"><input type=\"text\" name=\"avia_8_1\" class=\"hidden \" id=\"avia_8_1\" value=\"\" \/><\/p><p class=\"form_element \"><input type=\"hidden\" value=\"1\" name=\"avia_generated_form1\" \/><input type=\"submit\" value=\"Enviar\" class=\"button\"  data-sending-label=\"Enviando\"\/><\/p><\/fieldset><\/form><div id=\"ajaxresponse_1\" class=\"ajaxresponse ajaxresponse_1 hidden\"><\/div>\n","protected":false},"excerpt":{"rendered":"","protected":false},"author":1,"featured_media":0,"parent":274,"menu_order":0,"comment_status":"closed","ping_status":"closed","template":"","meta":{"_exactmetrics_skip_tracking":false,"_exactmetrics_sitenote_active":false,"_exactmetrics_sitenote_note":"","_exactmetrics_sitenote_category":0,"_joinchat":[],"footnotes":""},"class_list":["post-1331","page","type-page","status-publish","hentry"],"yoast_head":"<!-- This site is optimized with the Yoast SEO plugin v27.1.1 - https:\/\/yoast.com\/product\/yoast-seo-wordpress\/ -->\n<title>Terapia Visual - Bi\u00f2ptic - Orto-K, Optometria y \u00d3ptica en Barcelona<\/title>\n<meta name=\"robots\" content=\"index, follow, max-snippet:-1, max-image-preview:large, max-video-preview:-1\" \/>\n<link rel=\"canonical\" href=\"https:\/\/www.bioptic.net\/es\/optometria-adultos\/terapia-visual\/\" \/>\n<meta property=\"og:locale\" content=\"es_ES\" \/>\n<meta property=\"og:type\" content=\"article\" \/>\n<meta property=\"og:title\" content=\"Terapia Visual - Bi\u00f2ptic - Orto-K, Optometria y \u00d3ptica en Barcelona\" \/>\n<meta property=\"og:url\" content=\"https:\/\/www.bioptic.net\/es\/optometria-adultos\/terapia-visual\/\" \/>\n<meta property=\"og:site_name\" content=\"Bi\u00f2ptic - Orto-K, Optometria y \u00d3ptica en Barcelona\" \/>\n<meta property=\"article:publisher\" content=\"https:\/\/www.facebook.com\/bioptic\" \/>\n<meta property=\"article:modified_time\" content=\"2019-04-29T14:58:17+00:00\" \/>\n<meta name=\"twitter:label1\" content=\"Tiempo de lectura\" \/>\n\t<meta name=\"twitter:data1\" content=\"4 minutos\" \/>\n<script type=\"application\/ld+json\" class=\"yoast-schema-graph\">{\"@context\":\"https:\/\/schema.org\",\"@graph\":[{\"@type\":\"WebPage\",\"@id\":\"https:\/\/www.bioptic.net\/es\/optometria-adultos\/terapia-visual\/\",\"url\":\"https:\/\/www.bioptic.net\/es\/optometria-adultos\/terapia-visual\/\",\"name\":\"Terapia Visual - Bi\u00f2ptic - Orto-K, Optometria y \u00d3ptica en Barcelona\",\"isPartOf\":{\"@id\":\"https:\/\/www.bioptic.net\/es\/#website\"},\"datePublished\":\"2016-01-03T09:48:53+00:00\",\"dateModified\":\"2019-04-29T14:58:17+00:00\",\"breadcrumb\":{\"@id\":\"https:\/\/www.bioptic.net\/es\/optometria-adultos\/terapia-visual\/#breadcrumb\"},\"inLanguage\":\"es\",\"potentialAction\":[{\"@type\":\"ReadAction\",\"target\":[\"https:\/\/www.bioptic.net\/es\/optometria-adultos\/terapia-visual\/\"]}]},{\"@type\":\"BreadcrumbList\",\"@id\":\"https:\/\/www.bioptic.net\/es\/optometria-adultos\/terapia-visual\/#breadcrumb\",\"itemListElement\":[{\"@type\":\"ListItem\",\"position\":1,\"name\":\"Inici\",\"item\":\"https:\/\/www.bioptic.net\/es\/\"},{\"@type\":\"ListItem\",\"position\":2,\"name\":\"Optometr\u00eda adultos\",\"item\":\"https:\/\/www.bioptic.net\/es\/optometria-adultos\/\"},{\"@type\":\"ListItem\",\"position\":3,\"name\":\"Terapia Visual\"}]},{\"@type\":\"WebSite\",\"@id\":\"https:\/\/www.bioptic.net\/es\/#website\",\"url\":\"https:\/\/www.bioptic.net\/es\/\",\"name\":\"Bi\u00f2ptic - Orto-K, Optometria y \u00d3ptica en Barcelona\",\"description\":\"Centro de la visi\u00f3n en Barcelona. Orto-K, Optometr\u00eda, \u00d3ptica, Lentes de Contacto, CRT, Problemas de visi\u00f3n, Terapia Visual.\",\"potentialAction\":[{\"@type\":\"SearchAction\",\"target\":{\"@type\":\"EntryPoint\",\"urlTemplate\":\"https:\/\/www.bioptic.net\/es\/?s={search_term_string}\"},\"query-input\":{\"@type\":\"PropertyValueSpecification\",\"valueRequired\":true,\"valueName\":\"search_term_string\"}}],\"inLanguage\":\"es\"}]}<\/script>\n<!-- \/ Yoast SEO plugin. -->","yoast_head_json":{"title":"Terapia Visual - Bi\u00f2ptic - Orto-K, Optometria y \u00d3ptica en Barcelona","robots":{"index":"index","follow":"follow","max-snippet":"max-snippet:-1","max-image-preview":"max-image-preview:large","max-video-preview":"max-video-preview:-1"},"canonical":"https:\/\/www.bioptic.net\/es\/optometria-adultos\/terapia-visual\/","og_locale":"es_ES","og_type":"article","og_title":"Terapia Visual - Bi\u00f2ptic - Orto-K, Optometria y \u00d3ptica en Barcelona","og_url":"https:\/\/www.bioptic.net\/es\/optometria-adultos\/terapia-visual\/","og_site_name":"Bi\u00f2ptic - Orto-K, Optometria y \u00d3ptica en Barcelona","article_publisher":"https:\/\/www.facebook.com\/bioptic","article_modified_time":"2019-04-29T14:58:17+00:00","twitter_misc":{"Tiempo de lectura":"4 minutos"},"schema":{"@context":"https:\/\/schema.org","@graph":[{"@type":"WebPage","@id":"https:\/\/www.bioptic.net\/es\/optometria-adultos\/terapia-visual\/","url":"https:\/\/www.bioptic.net\/es\/optometria-adultos\/terapia-visual\/","name":"Terapia Visual - Bi\u00f2ptic - Orto-K, Optometria y \u00d3ptica en Barcelona","isPartOf":{"@id":"https:\/\/www.bioptic.net\/es\/#website"},"datePublished":"2016-01-03T09:48:53+00:00","dateModified":"2019-04-29T14:58:17+00:00","breadcrumb":{"@id":"https:\/\/www.bioptic.net\/es\/optometria-adultos\/terapia-visual\/#breadcrumb"},"inLanguage":"es","potentialAction":[{"@type":"ReadAction","target":["https:\/\/www.bioptic.net\/es\/optometria-adultos\/terapia-visual\/"]}]},{"@type":"BreadcrumbList","@id":"https:\/\/www.bioptic.net\/es\/optometria-adultos\/terapia-visual\/#breadcrumb","itemListElement":[{"@type":"ListItem","position":1,"name":"Inici","item":"https:\/\/www.bioptic.net\/es\/"},{"@type":"ListItem","position":2,"name":"Optometr\u00eda adultos","item":"https:\/\/www.bioptic.net\/es\/optometria-adultos\/"},{"@type":"ListItem","position":3,"name":"Terapia Visual"}]},{"@type":"WebSite","@id":"https:\/\/www.bioptic.net\/es\/#website","url":"https:\/\/www.bioptic.net\/es\/","name":"Bi\u00f2ptic - Orto-K, Optometria y \u00d3ptica en Barcelona","description":"Centro de la visi\u00f3n en Barcelona. Orto-K, Optometr\u00eda, \u00d3ptica, Lentes de Contacto, CRT, Problemas de visi\u00f3n, Terapia Visual.","potentialAction":[{"@type":"SearchAction","target":{"@type":"EntryPoint","urlTemplate":"https:\/\/www.bioptic.net\/es\/?s={search_term_string}"},"query-input":{"@type":"PropertyValueSpecification","valueRequired":true,"valueName":"search_term_string"}}],"inLanguage":"es"}]}},"_links":{"self":[{"href":"https:\/\/www.bioptic.net\/es\/wp-json\/wp\/v2\/pages\/1331","targetHints":{"allow":["GET"]}}],"collection":[{"href":"https:\/\/www.bioptic.net\/es\/wp-json\/wp\/v2\/pages"}],"about":[{"href":"https:\/\/www.bioptic.net\/es\/wp-json\/wp\/v2\/types\/page"}],"author":[{"embeddable":true,"href":"https:\/\/www.bioptic.net\/es\/wp-json\/wp\/v2\/users\/1"}],"replies":[{"embeddable":true,"href":"https:\/\/www.bioptic.net\/es\/wp-json\/wp\/v2\/comments?post=1331"}],"version-history":[{"count":0,"href":"https:\/\/www.bioptic.net\/es\/wp-json\/wp\/v2\/pages\/1331\/revisions"}],"up":[{"embeddable":true,"href":"https:\/\/www.bioptic.net\/es\/wp-json\/wp\/v2\/pages\/274"}],"wp:attachment":[{"href":"https:\/\/www.bioptic.net\/es\/wp-json\/wp\/v2\/media?parent=1331"}],"curies":[{"name":"wp","href":"https:\/\/api.w.org\/{rel}","templated":true}]}}