{"id":1217,"date":"2015-06-16T10:50:53","date_gmt":"2015-06-16T10:50:53","guid":{"rendered":"https:\/\/bioptic.net\/?page_id=1217"},"modified":"2015-06-16T10:50:53","modified_gmt":"2015-06-16T10:50:53","slug":"politica-de-cookies","status":"publish","type":"page","link":"https:\/\/www.bioptic.net\/es\/politica-de-cookies\/","title":{"rendered":"Pol\u00edtica de Cookies"},"content":{"rendered":"\n<style type=\"text\/css\" data-created_by=\"avia_inline_auto\" id=\"style-css-av-av_heading-68537c7c7c729c91d9ebfd6b82cd9401\">\n#top .av-special-heading.av-av_heading-68537c7c7c729c91d9ebfd6b82cd9401{\npadding-bottom:10px;\n}\nbody .av-special-heading.av-av_heading-68537c7c7c729c91d9ebfd6b82cd9401 .av-special-heading-tag .heading-char{\nfont-size:25px;\n}\n.av-special-heading.av-av_heading-68537c7c7c729c91d9ebfd6b82cd9401 .av-subheading{\nfont-size:15px;\n}\n<\/style>\n<div  class='av-special-heading av-av_heading-68537c7c7c729c91d9ebfd6b82cd9401 av-special-heading-h3 blockquote modern-quote modern-centered  avia-builder-el-0  el_before_av_textblock  avia-builder-el-first '><h3 class='av-special-heading-tag '  itemprop=\"headline\"  >Pol\u00edtica de Cookies<\/h3><div class=\"special-heading-border\"><div class=\"special-heading-inner-border\"><\/div><\/div><\/div>\n<section  class='av_textblock_section av-av_textblock-0366cc7376be6c9e82a3e9cc8987b64f '   itemscope=\"itemscope\" itemtype=\"https:\/\/schema.org\/CreativeWork\" ><div class='avia_textblock'  itemprop=\"text\" ><p><b>\u00bfQu\u00e9 son las cookies?<\/b><\/p>\n<p>Las cookies son peque\u00f1os archivos de datos que se reciben en el terminal desde el sitio web visitado y se utilizan para registrar algunas interacciones de la navegaci\u00f3n de un sitio web almacenando datos que podr\u00e1n ser actualizados y recuperados. Estos archivos se guardan en el ordenador del usuario y contiene datos an\u00f3nimos que no son perjudiciales para su equipo. Se utilizan para recordar las preferencias del usuario, como el idioma seleccionado, datos de acceso o personalizaci\u00f3n de la p\u00e1gina.<\/p>\n<p>Las cookies tambi\u00e9n se pueden utilizar para registrar informaci\u00f3n an\u00f3nima sobre c\u00f3mo un visitante utiliza un sitio. Por ejemplo, desde qu\u00e9 p\u00e1gina web se ha accedido, o si se ha utilizado un banner publicitario para llegar.<\/p>\n<p><b>\u00bfPor qu\u00e9 utilizamos cookies?<\/b><\/p>\n<p>Esta web utiliza cookies estrictamente necesarios y esenciales para que usted utilice nuestro sitio web y le permitan moverse libremente, utilizar \u00e1reas seguras, opciones personalizadas,&#8230; Adem\u00e1s utilizamos las cookies para recoger los datos relativos al an\u00e1lisis del uso de la web. Estas se utilizan para ayudar a mejorar el servicio al cliente, midiendo el uso y el rendimiento de la p\u00e1gina para optimizarla y personalizarla.<\/p>\n<p>Nuestro sitio web tambi\u00e9n puede contener enlaces de redes sociales (como Facebook o Twitter). Nosotros no controlamos las cookies utilizadas por estas webs externas. Para m\u00e1s informaci\u00f3n sobre las cookies de las redes sociales u otras webs, aconsejamos revisar sus propias pol\u00edticas de Cookies.<\/p>\n<p><b>\u00bfQu\u00e9 utilidad le damos a los diferentes tipos de Cookies?<\/b><\/p>\n<p><span style=\"text-decoration: underline;\">Cookies t\u00e9cnicas<\/span>: son aquellas imprescindibles y estrictamente necesarias para el correcto funcionamiento de un portal web y la utilizaci\u00f3n de las diferentes opciones y servicios que ofrecen.<\/p>\n<p><span style=\"text-decoration: underline;\">Cookies de personalizaci\u00f3n<\/span>: permiten al usuario especificar o personalizar algunas caracter\u00edsticas de las opciones generales de la p\u00e1gina web.<\/p>\n<p><span style=\"text-decoration: underline;\">Cookies anal\u00edticas<\/span>: las utilizamos para crear perfiles de navegaci\u00f3n y poder conocer las preferencias de los usuarios con el fin de mejorar la oferta de productos y servicios.<\/p>\n<p><span style=\"text-decoration: underline;\">Cookies de publicidad<\/span>: permiten guardar informaci\u00f3n del comportamiento mediante la observaci\u00f3n de los h\u00e1bitos, estudiando los accesos y creando un perfil de preferencias del usuario para ofrecer publicidad relacionada con sus intereses.<\/p>\n<p>Seg\u00fan el plazo estas Cookies las podemos definir como:<\/p>\n<p><span style=\"text-decoration: underline;\">Cookies de sesi\u00f3n<\/span>: son aquellas que duran el tiempo que el usuario est\u00e1 navegando por la p\u00e1gina web y se eliminan cuando termina.<\/p>\n<p><span style=\"text-decoration: underline;\">Cookies permanentes<\/span>: son aquellas que quedan guardadas en el terminal del usuario, por un tiempo m\u00e1s largo, facilitando el control de las preferencias elegidas sin tener que repetir ciertos par\u00e1metros cada vez que se visite el sitio web.<\/p>\n<p><b>\u00bfY si no quiero tener estas Cookies o no hago nada al respecto?<\/b><\/p>\n<p>Para cumplir con la legislaci\u00f3n vigente, debemos pedir su permiso para manejar cookies. Si decide no autorizar el tratamiento indicando su no conformidad, s\u00f3lo utilizaremos las Cookies t\u00e9cnicas, ya que son imprescindibles para la navegaci\u00f3n en nuestra web. En este caso, no guardamos ninguna cookie. En caso de continuar navegando por la web sin denegar su autorizaci\u00f3n implica que acepta el uso.<\/p>\n<p>Debe tener en cuenta que si rechaza o elimina las cookies de navegaci\u00f3n por la web, no podremos mantener sus preferencias, algunas caracter\u00edsticas de las p\u00e1ginas no estar\u00e1n operativas, no podremos ofrecer servicios personalizados y cada vez que tenga que navegar por la web tendremos de volver a pedir la autorizaci\u00f3n para el uso de las cookies.<\/p>\n<p>Si aun as\u00ed, decide modificar la configuraci\u00f3n de su acceso a la p\u00e1gina web, debe saber que es posible eliminar las cookies o impedir que se registre esta informaci\u00f3n en su equipo en cualquier momento modificando los par\u00e1metros correspondiente seg\u00fan el navegador:<\/p>\n<p>Internet explorer &#8211; <a href=\"https:\/\/windows.microsoft.com\/es-es\/windows-vista\/block-or-allow-cookies\" target=\"_blank\">windows.microsoft.com\/es-es\/windows-vista\/block-or-allow-cookies<\/a><br \/>\nFirefox &#8211; <a href=\"https:\/\/support.mozilla.org\/es\/kb\/habilitar-y-deshabilitar-cookies-que-los-sitios-we\" target=\"_blank\">support.mozilla.org\/es\/kb\/habilitar-y-deshabilitar-cookies-que-los-sitios-we<\/a><br \/>\nGoogle Chrome &#8211; <a href=\"https:\/\/support.google.com\/chrome\/bin\/answer.py?hl=es&amp;answer=95647\" target=\"_blank\">support.google.com\/chrome\/bin\/answer.py?hl=es&amp;answer=95647<\/a><br \/>\nSafari &#8211; <a href=\"https:\/\/support.apple.com\/kb\/HT1677?viewlocale=es_ES&amp;locale=es_ES\" target=\"_blank\">support.apple.com\/kb\/HT1677?viewlocale=es_ES&amp;locale=es_ES<\/a><\/p>\n<\/div><\/section>\n","protected":false},"excerpt":{"rendered":"","protected":false},"author":1,"featured_media":0,"parent":0,"menu_order":0,"comment_status":"open","ping_status":"closed","template":"","meta":{"_exactmetrics_skip_tracking":false,"_exactmetrics_sitenote_active":false,"_exactmetrics_sitenote_note":"","_exactmetrics_sitenote_category":0,"_joinchat":[],"footnotes":""},"class_list":["post-1217","page","type-page","status-publish","hentry"],"yoast_head":"<!-- This site is optimized with the Yoast SEO plugin v27.1.1 - https:\/\/yoast.com\/product\/yoast-seo-wordpress\/ -->\n<title>Pol\u00edtica de Cookies - Bi\u00f2ptic - Orto-K, Optometria y \u00d3ptica en Barcelona<\/title>\n<meta name=\"robots\" content=\"index, follow, max-snippet:-1, max-image-preview:large, max-video-preview:-1\" \/>\n<link rel=\"canonical\" href=\"https:\/\/www.bioptic.net\/es\/politica-de-cookies\/\" \/>\n<meta property=\"og:locale\" content=\"es_ES\" \/>\n<meta property=\"og:type\" content=\"article\" \/>\n<meta property=\"og:title\" content=\"Pol\u00edtica de Cookies - Bi\u00f2ptic - Orto-K, Optometria y \u00d3ptica en Barcelona\" \/>\n<meta property=\"og:url\" content=\"https:\/\/www.bioptic.net\/es\/politica-de-cookies\/\" \/>\n<meta property=\"og:site_name\" content=\"Bi\u00f2ptic - Orto-K, Optometria y \u00d3ptica en Barcelona\" \/>\n<meta property=\"article:publisher\" content=\"https:\/\/www.facebook.com\/bioptic\" \/>\n<meta name=\"twitter:label1\" content=\"Tiempo de lectura\" \/>\n\t<meta name=\"twitter:data1\" content=\"4 minutos\" \/>\n<script type=\"application\/ld+json\" class=\"yoast-schema-graph\">{\"@context\":\"https:\/\/schema.org\",\"@graph\":[{\"@type\":\"WebPage\",\"@id\":\"https:\/\/www.bioptic.net\/es\/politica-de-cookies\/\",\"url\":\"https:\/\/www.bioptic.net\/es\/politica-de-cookies\/\",\"name\":\"Pol\u00edtica de Cookies - Bi\u00f2ptic - Orto-K, Optometria y \u00d3ptica en Barcelona\",\"isPartOf\":{\"@id\":\"https:\/\/www.bioptic.net\/es\/#website\"},\"datePublished\":\"2015-06-16T10:50:53+00:00\",\"breadcrumb\":{\"@id\":\"https:\/\/www.bioptic.net\/es\/politica-de-cookies\/#breadcrumb\"},\"inLanguage\":\"es\",\"potentialAction\":[{\"@type\":\"ReadAction\",\"target\":[\"https:\/\/www.bioptic.net\/es\/politica-de-cookies\/\"]}]},{\"@type\":\"BreadcrumbList\",\"@id\":\"https:\/\/www.bioptic.net\/es\/politica-de-cookies\/#breadcrumb\",\"itemListElement\":[{\"@type\":\"ListItem\",\"position\":1,\"name\":\"Inici\",\"item\":\"https:\/\/www.bioptic.net\/es\/\"},{\"@type\":\"ListItem\",\"position\":2,\"name\":\"Pol\u00edtica de Cookies\"}]},{\"@type\":\"WebSite\",\"@id\":\"https:\/\/www.bioptic.net\/es\/#website\",\"url\":\"https:\/\/www.bioptic.net\/es\/\",\"name\":\"Bi\u00f2ptic - Orto-K, Optometria y \u00d3ptica en Barcelona\",\"description\":\"Centro de la visi\u00f3n en Barcelona. Orto-K, Optometr\u00eda, \u00d3ptica, Lentes de Contacto, CRT, Problemas de visi\u00f3n, Terapia Visual.\",\"potentialAction\":[{\"@type\":\"SearchAction\",\"target\":{\"@type\":\"EntryPoint\",\"urlTemplate\":\"https:\/\/www.bioptic.net\/es\/?s={search_term_string}\"},\"query-input\":{\"@type\":\"PropertyValueSpecification\",\"valueRequired\":true,\"valueName\":\"search_term_string\"}}],\"inLanguage\":\"es\"}]}<\/script>\n<!-- \/ Yoast SEO plugin. -->","yoast_head_json":{"title":"Pol\u00edtica de Cookies - Bi\u00f2ptic - Orto-K, Optometria y \u00d3ptica en Barcelona","robots":{"index":"index","follow":"follow","max-snippet":"max-snippet:-1","max-image-preview":"max-image-preview:large","max-video-preview":"max-video-preview:-1"},"canonical":"https:\/\/www.bioptic.net\/es\/politica-de-cookies\/","og_locale":"es_ES","og_type":"article","og_title":"Pol\u00edtica de Cookies - Bi\u00f2ptic - Orto-K, Optometria y \u00d3ptica en Barcelona","og_url":"https:\/\/www.bioptic.net\/es\/politica-de-cookies\/","og_site_name":"Bi\u00f2ptic - Orto-K, Optometria y \u00d3ptica en Barcelona","article_publisher":"https:\/\/www.facebook.com\/bioptic","twitter_misc":{"Tiempo de lectura":"4 minutos"},"schema":{"@context":"https:\/\/schema.org","@graph":[{"@type":"WebPage","@id":"https:\/\/www.bioptic.net\/es\/politica-de-cookies\/","url":"https:\/\/www.bioptic.net\/es\/politica-de-cookies\/","name":"Pol\u00edtica de Cookies - Bi\u00f2ptic - Orto-K, Optometria y \u00d3ptica en Barcelona","isPartOf":{"@id":"https:\/\/www.bioptic.net\/es\/#website"},"datePublished":"2015-06-16T10:50:53+00:00","breadcrumb":{"@id":"https:\/\/www.bioptic.net\/es\/politica-de-cookies\/#breadcrumb"},"inLanguage":"es","potentialAction":[{"@type":"ReadAction","target":["https:\/\/www.bioptic.net\/es\/politica-de-cookies\/"]}]},{"@type":"BreadcrumbList","@id":"https:\/\/www.bioptic.net\/es\/politica-de-cookies\/#breadcrumb","itemListElement":[{"@type":"ListItem","position":1,"name":"Inici","item":"https:\/\/www.bioptic.net\/es\/"},{"@type":"ListItem","position":2,"name":"Pol\u00edtica de Cookies"}]},{"@type":"WebSite","@id":"https:\/\/www.bioptic.net\/es\/#website","url":"https:\/\/www.bioptic.net\/es\/","name":"Bi\u00f2ptic - Orto-K, Optometria y \u00d3ptica en Barcelona","description":"Centro de la visi\u00f3n en Barcelona. Orto-K, Optometr\u00eda, \u00d3ptica, Lentes de Contacto, CRT, Problemas de visi\u00f3n, Terapia Visual.","potentialAction":[{"@type":"SearchAction","target":{"@type":"EntryPoint","urlTemplate":"https:\/\/www.bioptic.net\/es\/?s={search_term_string}"},"query-input":{"@type":"PropertyValueSpecification","valueRequired":true,"valueName":"search_term_string"}}],"inLanguage":"es"}]}},"_links":{"self":[{"href":"https:\/\/www.bioptic.net\/es\/wp-json\/wp\/v2\/pages\/1217","targetHints":{"allow":["GET"]}}],"collection":[{"href":"https:\/\/www.bioptic.net\/es\/wp-json\/wp\/v2\/pages"}],"about":[{"href":"https:\/\/www.bioptic.net\/es\/wp-json\/wp\/v2\/types\/page"}],"author":[{"embeddable":true,"href":"https:\/\/www.bioptic.net\/es\/wp-json\/wp\/v2\/users\/1"}],"replies":[{"embeddable":true,"href":"https:\/\/www.bioptic.net\/es\/wp-json\/wp\/v2\/comments?post=1217"}],"version-history":[{"count":0,"href":"https:\/\/www.bioptic.net\/es\/wp-json\/wp\/v2\/pages\/1217\/revisions"}],"wp:attachment":[{"href":"https:\/\/www.bioptic.net\/es\/wp-json\/wp\/v2\/media?parent=1217"}],"curies":[{"name":"wp","href":"https:\/\/api.w.org\/{rel}","templated":true}]}}