{"id":1189,"date":"2015-05-19T15:52:24","date_gmt":"2015-05-19T15:52:24","guid":{"rendered":"https:\/\/bioptic.net\/?page_id=1189"},"modified":"2015-05-20T07:29:37","modified_gmt":"2015-05-20T07:29:37","slug":"promocion-lentillas-ortok-mayo","status":"publish","type":"page","link":"https:\/\/www.bioptic.net\/es\/promocion-lentillas-ortok-mayo\/","title":{"rendered":"LandingPage-OrtoK"},"content":{"rendered":"<div  class='flex_column av-av_one_full-2a9015ff38129c418a3f2eafba3e9512 av_one_full  avia-builder-el-0  el_before_av_one_half  avia-builder-el-first  first flex_column_div  '     ><style type=\"text\/css\" data-created_by=\"avia_inline_auto\" id=\"style-css-av-av_heading-3790e1deb7afc56c7e10c2bb9a38bc92\">\n#top .av-special-heading.av-av_heading-3790e1deb7afc56c7e10c2bb9a38bc92{\npadding-bottom:5px;\nfont-size:30px;\n}\nbody .av-special-heading.av-av_heading-3790e1deb7afc56c7e10c2bb9a38bc92 .av-special-heading-tag .heading-char{\nfont-size:25px;\n}\n#top #wrap_all .av-special-heading.av-av_heading-3790e1deb7afc56c7e10c2bb9a38bc92 .av-special-heading-tag{\nfont-size:30px;\n}\n.av-special-heading.av-av_heading-3790e1deb7afc56c7e10c2bb9a38bc92 .av-subheading{\nfont-size:15px;\n}\n\n@media only screen and (min-width: 480px) and (max-width: 767px){ \n#top #wrap_all .av-special-heading.av-av_heading-3790e1deb7afc56c7e10c2bb9a38bc92 .av-special-heading-tag{\nfont-size:0.8em;\n}\n}\n\n@media only screen and (max-width: 479px){ \n#top #wrap_all .av-special-heading.av-av_heading-3790e1deb7afc56c7e10c2bb9a38bc92 .av-special-heading-tag{\nfont-size:0.8em;\n}\n}\n<\/style>\n<div  class='av-special-heading av-av_heading-3790e1deb7afc56c7e10c2bb9a38bc92 av-special-heading-h3 blockquote modern-quote modern-centered  avia-builder-el-1  avia-builder-el-no-sibling  av-inherit-size'><h3 class='av-special-heading-tag '  itemprop=\"headline\"  >Corrige la miop\u00eda de noche, \u00a1mientras duermes!<\/h3><div class='av-subheading av-subheading_below'><p>Difruta de una visi\u00f3n n\u00edtida sin gafas ni lentillas durante el d\u00eda.<\/p>\n<\/div><div class=\"special-heading-border\"><div class=\"special-heading-inner-border\"><\/div><\/div><\/div><\/div>\n<div  class='flex_column av-av_one_half-2a9015ff38129c418a3f2eafba3e9512 av_one_half  avia-builder-el-2  el_after_av_one_full  el_before_av_one_half  first flex_column_div  column-top-margin'     ><style type=\"text\/css\" data-created_by=\"avia_inline_auto\" id=\"style-css-av-av_image-3757e439231eb1f17420936bc033093b\">\n.avia-image-container.av-av_image-3757e439231eb1f17420936bc033093b img.avia_image{\nbox-shadow:none;\n}\n.avia-image-container.av-av_image-3757e439231eb1f17420936bc033093b .av-image-caption-overlay-center{\ncolor:#ffffff;\n}\n<\/style>\n<div  class='avia-image-container av-av_image-3757e439231eb1f17420936bc033093b av-styling- avia-align-center  avia-builder-el-3  avia-builder-el-no-sibling '   itemprop=\"image\" itemscope=\"itemscope\" itemtype=\"https:\/\/schema.org\/ImageObject\" ><div class=\"avia-image-container-inner\"><div class=\"avia-image-overlay-wrap\"><img decoding=\"async\" fetchpriority=\"high\" class='wp-image-2088 avia-img-lazy-loading-not-2088 avia_image ' src=\"https:\/\/www.bioptic.net\/wp-content\/uploads\/2014\/06\/slider2-1030x669.jpg\" alt='Una mujer de pelo claro duerme pl\u00e1cidamente sobre una almohada blanca, cubierta con una manta blanca, y sonr\u00ede suavemente con los ojos cerrados: una escena tan serena como una ma\u00f1ana en una Optometr\u00eda i \u00d3ptica en Barcelona.' title='slider2'  height=\"669\" width=\"1030\"  itemprop=\"thumbnailUrl\" srcset=\"https:\/\/www.bioptic.net\/wp-content\/uploads\/2014\/06\/slider2-1030x669.jpg 1030w, https:\/\/www.bioptic.net\/wp-content\/uploads\/2014\/06\/slider2-300x195.jpg 300w, https:\/\/www.bioptic.net\/wp-content\/uploads\/2014\/06\/slider2-1500x975.jpg 1500w, https:\/\/www.bioptic.net\/wp-content\/uploads\/2014\/06\/slider2-705x458.jpg 705w, https:\/\/www.bioptic.net\/wp-content\/uploads\/2014\/06\/slider2-450x292.jpg 450w, https:\/\/www.bioptic.net\/wp-content\/uploads\/2014\/06\/slider2.jpg 2000w\" sizes=\"(max-width: 1030px) 100vw, 1030px\" \/><\/div><\/div><\/div><\/div>\n<div  class='flex_column av-av_one_half-bb0c93372dbfdfd42698443400a42550 av_one_half  avia-builder-el-4  el_after_av_one_half  el_before_av_one_full  flex_column_div  column-top-margin'     ><section  class='av_textblock_section av-av_textblock-0366cc7376be6c9e82a3e9cc8987b64f '   itemscope=\"itemscope\" itemtype=\"https:\/\/schema.org\/CreativeWork\" ><div class='avia_textblock'  itemprop=\"text\" ><p style=\"text-align: center;\"><strong>\u00a1Disfruta de una vida sin gafas ni lentillas!<\/strong><br \/>\n50% de descuento en el test de viabilidad.<br \/>\n(Promoci\u00f3n v\u00e1lida hasta el <strong>31 de Mayo<\/strong>)<\/p>\n<p style=\"text-align: center;\">Rellena el siguiente formulario y te explicaremos en detalle como puedes beneficiarte de esta promoci\u00f3n.<\/p>\n<\/div><\/section><br \/>\n<form action=\"https:\/\/www.bioptic.net\/es\/promocion-lentillas-ortok-mayo\/\" method=\"post\" data-fields-with-error=\"Found errors in the following field(s):\" class=\"avia_ajax_form av-form-labels-visible   avia-builder-el-6  el_after_av_textblock  avia-builder-el-last   \" data-avia-form-id=\"1\" data-avia-redirect='' ><fieldset><p class='  first_form  form_element form_fullwidth' id='element_avia_1_1'><label for=\"avia_1_1\">Nombre <abbr class=\"required\" title=\"requerido\">*<\/abbr><\/label> <input name=\"avia_1_1\" class=\"text_input is_empty\" type=\"text\" id=\"avia_1_1\" value=\"\" \/><\/p><p class='  first_form  form_element form_fullwidth' id='element_avia_2_1'><label for=\"avia_2_1\">E-Mail <abbr class=\"required\" title=\"requerido\">*<\/abbr><\/label> <input name=\"avia_2_1\" class=\"text_input is_email\" type=\"text\" id=\"avia_2_1\" value=\"\" \/><\/p><p class='  first_form  form_element form_fullwidth av-last-visible-form-element' id='element_avia_3_1'><label for=\"avia_3_1\">Tel\u00e9fono<\/label> <input name=\"avia_3_1\" class=\"text_input \" type=\"text\" id=\"avia_3_1\" value=\"\" \/><\/p><p class=\"hidden\"><input type=\"text\" name=\"avia_4_1\" class=\"hidden \" id=\"avia_4_1\" value=\"\" \/><\/p><p class=\"form_element \"><input type=\"hidden\" value=\"1\" name=\"avia_generated_form1\" \/><input type=\"submit\" value=\"Quiero m\u00e1s informaci\u00f3n\" class=\"button\"  data-sending-label=\"Enviando\"\/><\/p><\/fieldset><\/form><div id=\"ajaxresponse_1\" class=\"ajaxresponse ajaxresponse_1 hidden\"><\/div><\/p><\/div>\n<div  class='flex_column av-av_one_full-2a9015ff38129c418a3f2eafba3e9512 av_one_full  avia-builder-el-7  el_after_av_one_half  el_before_av_slideshow_full  avia-builder-el-last  first flex_column_div  column-top-margin'     ><article  class='iconbox iconbox_top av-av_icon_box-58235f7cba354130128711104e7967c3  avia-builder-el-8  avia-builder-el-no-sibling  main_color'  itemscope=\"itemscope\" itemtype=\"https:\/\/schema.org\/CreativeWork\" ><div class=\"iconbox_content\"><header class=\"entry-content-header\" aria-label=\"Icon: \u00bfPor qu\u00e9 confiar en Bi\u00f2ptic?\"><div class='iconbox_icon heading-color avia-iconfont avia-font-entypo-fontello' data-av_icon='\ue82b' data-av_iconfont='entypo-fontello'  ><\/div><h3 class='iconbox_content_title '  itemprop=\"headline\" >\u00bfPor qu\u00e9 confiar en Bi\u00f2ptic?<\/h3><\/header><div class='iconbox_content_container '  itemprop=\"text\" ><p>Desde 1970, el primer centro de Espa\u00f1a especializado en lentes de contacto<\/p>\n<\/div><\/div><footer class=\"entry-footer\"><\/footer><\/article><\/div>\n<\/div><\/div><\/div><!-- close content main div --><\/div><\/div><div id='full_slider_1'  class='avia-fullwidth-slider main_color avia-shadow   avia-builder-el-9  el_after_av_one_full  el_before_av_one_full   slider-not-first container_wrap sidebar_right'  ><div  class='avia-slideshow av-av_slideshow_full-093eb39fb1ac1f511262649c64cccb1b avia-slideshow-featured av_slideshow_full avia-fade-slider av-slideshow-ui av-control-default av-slideshow-manual av-loop-once av-loop-manual-endless av-default-height-applied   avia-slideshow-1' data-slideshow-options=\"{&quot;animation&quot;:&quot;fade&quot;,&quot;autoplay&quot;:false,&quot;loop_autoplay&quot;:&quot;once&quot;,&quot;interval&quot;:5,&quot;loop_manual&quot;:&quot;manual-endless&quot;,&quot;autoplay_stopper&quot;:false,&quot;noNavigation&quot;:false,&quot;bg_slider&quot;:false,&quot;keep_padding&quot;:false,&quot;hoverpause&quot;:false,&quot;show_slide_delay&quot;:0}\"  itemprop=\"image\" itemscope=\"itemscope\" itemtype=\"https:\/\/schema.org\/ImageObject\" ><ul class='avia-slideshow-inner ' style='padding-bottom: 26.666666666667%;'><li  class='avia-slideshow-slide av-av_slideshow_full-093eb39fb1ac1f511262649c64cccb1b__0  av-single-slide slide-1 slide-odd'><div data-rel='slideshow-1' class='avia-slide-wrap '   ><div class='av-slideshow-caption av-av_slideshow_full-093eb39fb1ac1f511262649c64cccb1b__0 caption_fullwidth caption_center'><div class=\"container caption_container\"><div class=\"slideshow_caption\"><div class=\"slideshow_inner_caption\"><div class=\"slideshow_align_caption\"><h2 class='avia-caption-title '  itemprop=\"name\" >SI TE ENCUENTRAS EN ALGUNA DE ESTAS SITUACIONES \u00a1LAS LENTES ORTO-K EST\u00c1N HECHAS PARA TI!<\/h2><div class='avia-caption-content '  itemprop=\"description\" ><p>\u2713 Tengo\u00a0miop\u00eda y\/o astigmatismo y deseo frenar su aumento.<br \/>\n\u2713 Realizo\u00a0actividades deportivas.<br \/>\n\u2713 No puedo llevar lentes de contacto porque trabajo en\u00a0ambientes no propicios.<br \/>\n\u2713 Trabajo con el ordenador.<br \/>\n\u2713 Para trabajar necesito una visi\u00f3n n\u00edtida y no puedo llevar gafas.<br \/>\n\u2713 Tengo miop\u00eda pero no quiero operarme.<\/p>\n<\/div><\/div><\/div><\/div><\/div><\/div><img decoding=\"async\" fetchpriority=\"high\" class=\"wp-image-2136 avia-img-lazy-loading-not-2136\"  src=\"https:\/\/www.bioptic.net\/wp-content\/uploads\/2014\/07\/banner-bg-1500x400.jpg\" width=\"1500\" height=\"400\" title='banner-bg' alt='Una persona sonriente sostiene una lente orto-k en la punta del dedo \u00edndice, con el fondo difuminado y parte de su cara visible.'  itemprop=\"thumbnailUrl\"   \/><\/div><\/li><\/ul><\/div><\/div><div id='after_full_slider_1'  class='main_color av_default_container_wrap container_wrap sidebar_right'  ><div class='container av-section-cont-open' ><div class='template-page content  av-content-small alpha units'><div class='post-entry post-entry-type-page post-entry-1189'><div class='entry-content-wrapper clearfix'>\n<div  class='flex_column av-av_one_full-2a9015ff38129c418a3f2eafba3e9512 av_one_full  avia-builder-el-10  el_after_av_slideshow_full  avia-builder-el-no-sibling  first flex_column_div  '     ><style type=\"text\/css\" data-created_by=\"avia_inline_auto\" id=\"style-css-av-av_textblock-46c574ba882cd9bb2d253136e4907a55\">\n#top .av_textblock_section.av-av_textblock-46c574ba882cd9bb2d253136e4907a55 .avia_textblock{\ncolor:#050505;\n}\n<\/style>\n<section  class='av_textblock_section av-av_textblock-46c574ba882cd9bb2d253136e4907a55 '   itemscope=\"itemscope\" itemtype=\"https:\/\/schema.org\/CreativeWork\" ><div class='avia_textblock av_inherit_color'  itemprop=\"text\" ><p style=\"text-align: center;\"><strong>Bi\u00f2ptic<\/strong> |\u00a0Rambla Catalunya, 13, pral. 1a |\u00a008007 Barcelona<br \/>\nContacta: Tel. 93 317 43 47 &#8211;\u00a093 318 22 81<\/p>\n<p style=\"text-align: center;\">De lunes a viernes:\u00a09.30 a 13.30h \/ 16 a 20h<br \/>\nS\u00e1bados:\u00a010 a 13.30h<\/p>\n<\/div><\/section><\/div>\n","protected":false},"excerpt":{"rendered":"","protected":false},"author":1,"featured_media":0,"parent":0,"menu_order":0,"comment_status":"open","ping_status":"closed","template":"","meta":{"_exactmetrics_skip_tracking":false,"_exactmetrics_sitenote_active":false,"_exactmetrics_sitenote_note":"","_exactmetrics_sitenote_category":0,"_joinchat":[],"footnotes":""},"class_list":["post-1189","page","type-page","status-publish","hentry"],"yoast_head":"<!-- This site is optimized with the Yoast SEO plugin v27.1.1 - https:\/\/yoast.com\/product\/yoast-seo-wordpress\/ -->\n<title>Las lentillas que corrigen la visi\u00f3n mientras duermes<\/title>\n<meta name=\"description\" content=\"Una visi\u00f3n n\u00edtida sin gafas ni lentillas de d\u00eda es posible gracias a la Ortoqueratolog\u00eda, una lentes de contacto que corrigen la miop\u00eda mientras duermes.\" \/>\n<meta name=\"robots\" content=\"noindex, nofollow\" \/>\n<meta property=\"og:locale\" content=\"es_ES\" \/>\n<meta property=\"og:type\" content=\"article\" \/>\n<meta property=\"og:title\" content=\"Las lentillas que corrigen la visi\u00f3n mientras duermes\" \/>\n<meta property=\"og:description\" content=\"Una visi\u00f3n n\u00edtida sin gafas ni lentillas de d\u00eda es posible gracias a la Ortoqueratolog\u00eda, una lentes de contacto que corrigen la miop\u00eda mientras duermes.\" \/>\n<meta property=\"og:url\" content=\"https:\/\/www.bioptic.net\/es\/promocion-lentillas-ortok-mayo\/\" \/>\n<meta property=\"og:site_name\" content=\"Bi\u00f2ptic - Orto-K, Optometria y \u00d3ptica en Barcelona\" \/>\n<meta property=\"article:publisher\" content=\"https:\/\/www.facebook.com\/bioptic\" \/>\n<meta property=\"article:modified_time\" content=\"2015-05-20T07:29:37+00:00\" \/>\n<meta name=\"twitter:label1\" content=\"Tiempo de lectura\" \/>\n\t<meta name=\"twitter:data1\" content=\"3 minutos\" \/>\n<script type=\"application\/ld+json\" class=\"yoast-schema-graph\">{\"@context\":\"https:\/\/schema.org\",\"@graph\":[{\"@type\":\"WebPage\",\"@id\":\"https:\/\/www.bioptic.net\/es\/promocion-lentillas-ortok-mayo\/\",\"url\":\"https:\/\/www.bioptic.net\/es\/promocion-lentillas-ortok-mayo\/\",\"name\":\"Las lentillas que corrigen la visi\u00f3n mientras duermes\",\"isPartOf\":{\"@id\":\"https:\/\/www.bioptic.net\/es\/#website\"},\"datePublished\":\"2015-05-19T15:52:24+00:00\",\"dateModified\":\"2015-05-20T07:29:37+00:00\",\"description\":\"Una visi\u00f3n n\u00edtida sin gafas ni lentillas de d\u00eda es posible gracias a la Ortoqueratolog\u00eda, una lentes de contacto que corrigen la miop\u00eda mientras duermes.\",\"breadcrumb\":{\"@id\":\"https:\/\/www.bioptic.net\/es\/promocion-lentillas-ortok-mayo\/#breadcrumb\"},\"inLanguage\":\"es\",\"potentialAction\":[{\"@type\":\"ReadAction\",\"target\":[\"https:\/\/www.bioptic.net\/es\/promocion-lentillas-ortok-mayo\/\"]}]},{\"@type\":\"BreadcrumbList\",\"@id\":\"https:\/\/www.bioptic.net\/es\/promocion-lentillas-ortok-mayo\/#breadcrumb\",\"itemListElement\":[{\"@type\":\"ListItem\",\"position\":1,\"name\":\"Inici\",\"item\":\"https:\/\/www.bioptic.net\/es\/\"},{\"@type\":\"ListItem\",\"position\":2,\"name\":\"LandingPage-OrtoK\"}]},{\"@type\":\"WebSite\",\"@id\":\"https:\/\/www.bioptic.net\/es\/#website\",\"url\":\"https:\/\/www.bioptic.net\/es\/\",\"name\":\"Bi\u00f2ptic - Orto-K, Optometria y \u00d3ptica en Barcelona\",\"description\":\"Centro de la visi\u00f3n en Barcelona. Orto-K, Optometr\u00eda, \u00d3ptica, Lentes de Contacto, CRT, Problemas de visi\u00f3n, Terapia Visual.\",\"potentialAction\":[{\"@type\":\"SearchAction\",\"target\":{\"@type\":\"EntryPoint\",\"urlTemplate\":\"https:\/\/www.bioptic.net\/es\/?s={search_term_string}\"},\"query-input\":{\"@type\":\"PropertyValueSpecification\",\"valueRequired\":true,\"valueName\":\"search_term_string\"}}],\"inLanguage\":\"es\"}]}<\/script>\n<!-- \/ Yoast SEO plugin. -->","yoast_head_json":{"title":"Las lentillas que corrigen la visi\u00f3n mientras duermes","description":"Una visi\u00f3n n\u00edtida sin gafas ni lentillas de d\u00eda es posible gracias a la Ortoqueratolog\u00eda, una lentes de contacto que corrigen la miop\u00eda mientras duermes.","robots":{"index":"noindex","follow":"nofollow"},"og_locale":"es_ES","og_type":"article","og_title":"Las lentillas que corrigen la visi\u00f3n mientras duermes","og_description":"Una visi\u00f3n n\u00edtida sin gafas ni lentillas de d\u00eda es posible gracias a la Ortoqueratolog\u00eda, una lentes de contacto que corrigen la miop\u00eda mientras duermes.","og_url":"https:\/\/www.bioptic.net\/es\/promocion-lentillas-ortok-mayo\/","og_site_name":"Bi\u00f2ptic - Orto-K, Optometria y \u00d3ptica en Barcelona","article_publisher":"https:\/\/www.facebook.com\/bioptic","article_modified_time":"2015-05-20T07:29:37+00:00","twitter_misc":{"Tiempo de lectura":"3 minutos"},"schema":{"@context":"https:\/\/schema.org","@graph":[{"@type":"WebPage","@id":"https:\/\/www.bioptic.net\/es\/promocion-lentillas-ortok-mayo\/","url":"https:\/\/www.bioptic.net\/es\/promocion-lentillas-ortok-mayo\/","name":"Las lentillas que corrigen la visi\u00f3n mientras duermes","isPartOf":{"@id":"https:\/\/www.bioptic.net\/es\/#website"},"datePublished":"2015-05-19T15:52:24+00:00","dateModified":"2015-05-20T07:29:37+00:00","description":"Una visi\u00f3n n\u00edtida sin gafas ni lentillas de d\u00eda es posible gracias a la Ortoqueratolog\u00eda, una lentes de contacto que corrigen la miop\u00eda mientras duermes.","breadcrumb":{"@id":"https:\/\/www.bioptic.net\/es\/promocion-lentillas-ortok-mayo\/#breadcrumb"},"inLanguage":"es","potentialAction":[{"@type":"ReadAction","target":["https:\/\/www.bioptic.net\/es\/promocion-lentillas-ortok-mayo\/"]}]},{"@type":"BreadcrumbList","@id":"https:\/\/www.bioptic.net\/es\/promocion-lentillas-ortok-mayo\/#breadcrumb","itemListElement":[{"@type":"ListItem","position":1,"name":"Inici","item":"https:\/\/www.bioptic.net\/es\/"},{"@type":"ListItem","position":2,"name":"LandingPage-OrtoK"}]},{"@type":"WebSite","@id":"https:\/\/www.bioptic.net\/es\/#website","url":"https:\/\/www.bioptic.net\/es\/","name":"Bi\u00f2ptic - Orto-K, Optometria y \u00d3ptica en Barcelona","description":"Centro de la visi\u00f3n en Barcelona. Orto-K, Optometr\u00eda, \u00d3ptica, Lentes de Contacto, CRT, Problemas de visi\u00f3n, Terapia Visual.","potentialAction":[{"@type":"SearchAction","target":{"@type":"EntryPoint","urlTemplate":"https:\/\/www.bioptic.net\/es\/?s={search_term_string}"},"query-input":{"@type":"PropertyValueSpecification","valueRequired":true,"valueName":"search_term_string"}}],"inLanguage":"es"}]}},"_links":{"self":[{"href":"https:\/\/www.bioptic.net\/es\/wp-json\/wp\/v2\/pages\/1189","targetHints":{"allow":["GET"]}}],"collection":[{"href":"https:\/\/www.bioptic.net\/es\/wp-json\/wp\/v2\/pages"}],"about":[{"href":"https:\/\/www.bioptic.net\/es\/wp-json\/wp\/v2\/types\/page"}],"author":[{"embeddable":true,"href":"https:\/\/www.bioptic.net\/es\/wp-json\/wp\/v2\/users\/1"}],"replies":[{"embeddable":true,"href":"https:\/\/www.bioptic.net\/es\/wp-json\/wp\/v2\/comments?post=1189"}],"version-history":[{"count":0,"href":"https:\/\/www.bioptic.net\/es\/wp-json\/wp\/v2\/pages\/1189\/revisions"}],"wp:attachment":[{"href":"https:\/\/www.bioptic.net\/es\/wp-json\/wp\/v2\/media?parent=1189"}],"curies":[{"name":"wp","href":"https:\/\/api.w.org\/{rel}","templated":true}]}}