{"id":420,"date":"2014-07-08T16:55:30","date_gmt":"2014-07-08T16:55:30","guid":{"rendered":"https:\/\/bioptic.net\/adultos-2\/"},"modified":"2017-07-05T08:24:49","modified_gmt":"2017-07-05T08:24:49","slug":"optometry-adults","status":"publish","type":"page","link":"https:\/\/www.bioptic.net\/en\/optometry-adults\/","title":{"rendered":"Optometry for adults"},"content":{"rendered":"<div id='full_slider_1'  class='avia-fullwidth-slider main_color avia-shadow   avia-builder-el-0  el_before_av_section  avia-builder-el-first   container_wrap sidebar_right'  ><div  class='avia-slideshow av-av_slideshow_full-ca9aa842821e3a17b01b4e99e5d40465 avia-slideshow-no scaling av_slideshow_full avia-slide-slider av-slideshow-ui av-control-default av-slideshow-manual av-loop-once av-loop-manual-endless av-default-height-applied   avia-slideshow-1' data-slideshow-options=\"{&quot;animation&quot;:&quot;slide&quot;,&quot;autoplay&quot;:false,&quot;loop_autoplay&quot;:&quot;once&quot;,&quot;interval&quot;:5,&quot;loop_manual&quot;:&quot;manual-endless&quot;,&quot;autoplay_stopper&quot;:false,&quot;noNavigation&quot;:false,&quot;bg_slider&quot;:false,&quot;keep_padding&quot;:false,&quot;hoverpause&quot;:false,&quot;show_slide_delay&quot;:0}\"  itemprop=\"image\" itemscope=\"itemscope\" itemtype=\"https:\/\/schema.org\/ImageObject\" ><ul class='avia-slideshow-inner ' style='padding-bottom: 30%;'><li  class='avia-slideshow-slide av-av_slideshow_full-ca9aa842821e3a17b01b4e99e5d40465__0  av-single-slide slide-1 slide-odd'><div data-rel='slideshow-1' class='avia-slide-wrap '   ><div class='av-slideshow-caption av-av_slideshow_full-ca9aa842821e3a17b01b4e99e5d40465__0 caption_fullwidth caption_center caption_center_framed caption_framed'><div class=\"container caption_container\"><div class=\"slideshow_caption\"><div class=\"slideshow_inner_caption\"><div class=\"slideshow_align_caption\"><div class='avia-caption-content '  itemprop=\"description\" ><p><b>OPTOMETRY<\/b><br \/>\nEnjoy your vision to the fullest<\/p>\n<\/div><\/div><\/div><\/div><\/div><\/div><img decoding=\"async\" fetchpriority=\"high\" class=\"wp-image-2111 avia-img-lazy-loading-not-2111\"  src=\"https:\/\/www.bioptic.net\/wp-content\/uploads\/2014\/07\/slider-adultos.jpg\" width=\"2000\" height=\"600\" title='slider-adultos' alt='Split image: On the left, a person has an eye exam with a phoropter in front of their face. On the right, a smiling woman with a scarf gives a thumbs-up gesture, expressing positivity and satisfaction.'  itemprop=\"thumbnailUrl\" srcset=\"https:\/\/www.bioptic.net\/wp-content\/uploads\/2014\/07\/slider-adultos.jpg 2000w, https:\/\/www.bioptic.net\/wp-content\/uploads\/2014\/07\/slider-adultos-300x90.jpg 300w, https:\/\/www.bioptic.net\/wp-content\/uploads\/2014\/07\/slider-adultos-1030x309.jpg 1030w, https:\/\/www.bioptic.net\/wp-content\/uploads\/2014\/07\/slider-adultos-1500x450.jpg 1500w, https:\/\/www.bioptic.net\/wp-content\/uploads\/2014\/07\/slider-adultos-705x211.jpg 705w, https:\/\/www.bioptic.net\/wp-content\/uploads\/2014\/07\/slider-adultos-450x135.jpg 450w\" sizes=\"(max-width: 2000px) 100vw, 2000px\" \/><\/div><\/li><\/ul><\/div><\/div>\n\n<style type=\"text\/css\" data-created_by=\"avia_inline_auto\" id=\"style-css-av-av_section-48f3502a3de31e4984d991d62222f8f7\">\n.avia-section.av-av_section-48f3502a3de31e4984d991d62222f8f7{\nbackground-color:#ffffff;\nbackground-image:unset;\n}\n<\/style>\n<div id='block-blanco'  class='avia-section av-av_section-48f3502a3de31e4984d991d62222f8f7 main_color avia-section-default avia-no-border-styling  avia-builder-el-1  el_after_av_slideshow_full  el_before_av_section  avia-bg-style-scroll container_wrap sidebar_right'  ><div class='container av-section-cont-open' ><div class='template-page content  av-content-small alpha units'><div class='post-entry post-entry-type-page post-entry-420'><div class='entry-content-wrapper clearfix'>\n\n<style type=\"text\/css\" data-created_by=\"avia_inline_auto\" id=\"style-css-av-av_heading-f5bb35fb048c3ab3bf6249b42011b96e\">\n#top .av-special-heading.av-av_heading-f5bb35fb048c3ab3bf6249b42011b96e{\npadding-bottom:15px;\n}\nbody .av-special-heading.av-av_heading-f5bb35fb048c3ab3bf6249b42011b96e .av-special-heading-tag .heading-char{\nfont-size:25px;\n}\n.av-special-heading.av-av_heading-f5bb35fb048c3ab3bf6249b42011b96e .av-subheading{\nfont-size:15px;\n}\n<\/style>\n<div  class='av-special-heading av-av_heading-f5bb35fb048c3ab3bf6249b42011b96e av-special-heading-h2 custom-color-heading blockquote modern-quote modern-centered  avia-builder-el-2  el_before_av_textblock  avia-builder-el-first '><h2 class='av-special-heading-tag '  itemprop=\"headline\"  >FOR ADULTS<\/h2><div class=\"special-heading-border\"><div class=\"special-heading-inner-border\"><\/div><\/div><\/div>\n<section  class='av_textblock_section av-av_textblock-396ddf1f42196ca838231e61a4602801 '   itemscope=\"itemscope\" itemtype=\"https:\/\/schema.org\/CreativeWork\" ><div class='avia_textblock'  itemprop=\"text\" ><p>In Bi\u00f2ptic we use the most advanced techniques <strong>to prevent, diagnose, treat and correct the defects of your vision<\/strong>.<\/p>\n<p>With a complete optometric examination with intraocular pressure, retinography, topography, etc. we can accurately graduate your vision or schedule a visual training with your needs in mind.<\/p>\n<\/div><\/section>\n\n<style type=\"text\/css\" data-created_by=\"avia_inline_auto\" id=\"style-css-av-av_heading-2deda04b2bbc5fb93a0a01c6e7da9c15\">\n#top .av-special-heading.av-av_heading-2deda04b2bbc5fb93a0a01c6e7da9c15{\npadding-bottom:15px;\nfont-size:20px;\n}\nbody .av-special-heading.av-av_heading-2deda04b2bbc5fb93a0a01c6e7da9c15 .av-special-heading-tag .heading-char{\nfont-size:25px;\n}\n#top #wrap_all .av-special-heading.av-av_heading-2deda04b2bbc5fb93a0a01c6e7da9c15 .av-special-heading-tag{\nfont-size:20px;\n}\n.av-special-heading.av-av_heading-2deda04b2bbc5fb93a0a01c6e7da9c15 .av-subheading{\nfont-size:15px;\n}\n\n@media only screen and (min-width: 480px) and (max-width: 767px){ \n#top #wrap_all .av-special-heading.av-av_heading-2deda04b2bbc5fb93a0a01c6e7da9c15 .av-special-heading-tag{\nfont-size:0.8em;\n}\n}\n\n@media only screen and (max-width: 479px){ \n#top #wrap_all .av-special-heading.av-av_heading-2deda04b2bbc5fb93a0a01c6e7da9c15 .av-special-heading-tag{\nfont-size:0.8em;\n}\n}\n<\/style>\n<div  class='av-special-heading av-av_heading-2deda04b2bbc5fb93a0a01c6e7da9c15 av-special-heading-h2 custom-color-heading blockquote modern-quote modern-centered  avia-builder-el-4  el_after_av_textblock  el_before_av_textblock  av-inherit-size'><h2 class='av-special-heading-tag '  itemprop=\"headline\"  >Do you know that we can reeducate your vision?<\/h2><div class=\"special-heading-border\"><div class=\"special-heading-inner-border\"><\/div><\/div><\/div>\n<section  class='av_textblock_section av-av_textblock-396ddf1f42196ca838231e61a4602801 '   itemscope=\"itemscope\" itemtype=\"https:\/\/schema.org\/CreativeWork\" ><div class='avia_textblock'  itemprop=\"text\" ><p>With the <strong>early detection<\/strong> of visual defects and <strong>our personalized visual training<\/strong> we can correct anomalies before they become major alterations.<\/p>\n<p><strong>It is important to do a review every two years.<\/strong> In case of a family history of glaucoma, macular degeneration, diabetes, etc. It is advisable to make revisions annually.<\/p>\n<\/div><\/section>\n<\/div><\/div><\/div><!-- close content main div --><\/div><\/div>\n<style type=\"text\/css\" data-created_by=\"avia_inline_auto\" id=\"style-css-av-av_section-9382b336c2b20f25d8028b04e013f4af\">\n.avia-section.av-av_section-9382b336c2b20f25d8028b04e013f4af{\nbackground-color:#0698A7;\nbackground-image:unset;\n}\n<\/style>\n<div id='block-azul-oscuro'  class='avia-section av-av_section-9382b336c2b20f25d8028b04e013f4af main_color avia-section-large avia-no-border-styling  avia-builder-el-6  el_after_av_section  avia-builder-el-last  avia-bg-style-scroll container_wrap sidebar_right'  ><div class='container av-section-cont-open' ><div class='template-page content  av-content-small alpha units'><div class='post-entry post-entry-type-page post-entry-420'><div class='entry-content-wrapper clearfix'>\n<div  class='avia-button-wrap av-av_button-083cc112b5f4ab32d90be3cec7b0ce88-wrap avia-button-center  avia-builder-el-7  avia-builder-el-no-sibling '>\n<style type=\"text\/css\" data-created_by=\"avia_inline_auto\" id=\"style-css-av-av_button-083cc112b5f4ab32d90be3cec7b0ce88\">\n#top #wrap_all .avia-button.av-av_button-083cc112b5f4ab32d90be3cec7b0ce88{\nbackground-color:#068895;\nborder-color:#068895;\ncolor:#444444;\ntransition:all 0.4s ease-in-out;\n}\n#top #wrap_all .avia-button.av-av_button-083cc112b5f4ab32d90be3cec7b0ce88 .avia-svg-icon svg:first-child{\nfill:#444444;\nstroke:#444444;\n}\n<\/style>\n<a href='https:\/\/bioptic.net\/en\/contact-us\/'  class='avia-button av-av_button-083cc112b5f4ab32d90be3cec7b0ce88 av-link-btn avia-icon_select-no avia-size-large avia-position-center'   aria-label=\" Contact us and start correcting your vision!\"><span class='avia_iconbox_title' > Contact us and start correcting your vision!<\/span><\/a><\/div>\n<\/div><\/div><\/div><!-- close content main div --><\/div><\/div><div id='after_section_2'  class='main_color av_default_container_wrap container_wrap sidebar_right'  ><div class='container av-section-cont-open' ><div class='template-page content  av-content-small alpha units'><div class='post-entry post-entry-type-page post-entry-420'><div class='entry-content-wrapper clearfix'><\/p>\n","protected":false},"excerpt":{"rendered":"","protected":false},"author":1,"featured_media":0,"parent":0,"menu_order":0,"comment_status":"open","ping_status":"closed","template":"","meta":{"_exactmetrics_skip_tracking":false,"_exactmetrics_sitenote_active":false,"_exactmetrics_sitenote_note":"","_exactmetrics_sitenote_category":0,"_joinchat":[],"footnotes":""},"class_list":["post-420","page","type-page","status-publish","hentry"],"yoast_head":"<!-- This site is optimized with the Yoast SEO plugin v27.1.1 - https:\/\/yoast.com\/product\/yoast-seo-wordpress\/ -->\n<title>Optometry | Bi\u00f2ptic<\/title>\n<meta name=\"description\" content=\"Did you know that we can retrain your eyesight? Optometry makes the most of your vision. Come and give a try by yourself.\" \/>\n<meta name=\"robots\" content=\"index, follow, max-snippet:-1, max-image-preview:large, max-video-preview:-1\" \/>\n<link rel=\"canonical\" href=\"https:\/\/www.bioptic.net\/en\/optometry-adults\/\" \/>\n<meta property=\"og:locale\" content=\"en_US\" \/>\n<meta property=\"og:type\" content=\"article\" \/>\n<meta property=\"og:title\" content=\"Optometry | Bi\u00f2ptic\" \/>\n<meta property=\"og:description\" content=\"Did you know that we can retrain your eyesight? Optometry makes the most of your vision. Come and give a try by yourself.\" \/>\n<meta property=\"og:url\" content=\"https:\/\/www.bioptic.net\/en\/optometry-adults\/\" \/>\n<meta property=\"og:site_name\" content=\"Bi\u00f2ptic - Orto-K, Optometria y \u00d3ptica en Barcelona\" \/>\n<meta property=\"article:publisher\" content=\"https:\/\/www.facebook.com\/bioptic\" \/>\n<meta property=\"article:modified_time\" content=\"2017-07-05T08:24:49+00:00\" \/>\n<meta name=\"twitter:label1\" content=\"Est. reading time\" \/>\n\t<meta name=\"twitter:data1\" content=\"2 minutes\" \/>\n<script type=\"application\/ld+json\" class=\"yoast-schema-graph\">{\"@context\":\"https:\/\/schema.org\",\"@graph\":[{\"@type\":\"WebPage\",\"@id\":\"https:\/\/www.bioptic.net\/en\/optometry-adults\/\",\"url\":\"https:\/\/www.bioptic.net\/en\/optometry-adults\/\",\"name\":\"Optometry | Bi\u00f2ptic\",\"isPartOf\":{\"@id\":\"https:\/\/www.bioptic.net\/en\/#website\"},\"datePublished\":\"2014-07-08T16:55:30+00:00\",\"dateModified\":\"2017-07-05T08:24:49+00:00\",\"description\":\"Did you know that we can retrain your eyesight? Optometry makes the most of your vision. Come and give a try by yourself.\",\"breadcrumb\":{\"@id\":\"https:\/\/www.bioptic.net\/en\/optometry-adults\/#breadcrumb\"},\"inLanguage\":\"en-US\",\"potentialAction\":[{\"@type\":\"ReadAction\",\"target\":[\"https:\/\/www.bioptic.net\/en\/optometry-adults\/\"]}]},{\"@type\":\"BreadcrumbList\",\"@id\":\"https:\/\/www.bioptic.net\/en\/optometry-adults\/#breadcrumb\",\"itemListElement\":[{\"@type\":\"ListItem\",\"position\":1,\"name\":\"Inici\",\"item\":\"https:\/\/www.bioptic.net\/en\/\"},{\"@type\":\"ListItem\",\"position\":2,\"name\":\"Optometry for adults\"}]},{\"@type\":\"WebSite\",\"@id\":\"https:\/\/www.bioptic.net\/en\/#website\",\"url\":\"https:\/\/www.bioptic.net\/en\/\",\"name\":\"Bi\u00f2ptic - Orto-K, Optometria y \u00d3ptica en Barcelona\",\"description\":\"Centro de la visi\u00f3n en Barcelona. Orto-K, Optometr\u00eda, \u00d3ptica, Lentes de Contacto, CRT, Problemas de visi\u00f3n, Terapia Visual.\",\"potentialAction\":[{\"@type\":\"SearchAction\",\"target\":{\"@type\":\"EntryPoint\",\"urlTemplate\":\"https:\/\/www.bioptic.net\/en\/?s={search_term_string}\"},\"query-input\":{\"@type\":\"PropertyValueSpecification\",\"valueRequired\":true,\"valueName\":\"search_term_string\"}}],\"inLanguage\":\"en-US\"}]}<\/script>\n<!-- \/ Yoast SEO plugin. -->","yoast_head_json":{"title":"Optometry | Bi\u00f2ptic","description":"Did you know that we can retrain your eyesight? Optometry makes the most of your vision. Come and give a try by yourself.","robots":{"index":"index","follow":"follow","max-snippet":"max-snippet:-1","max-image-preview":"max-image-preview:large","max-video-preview":"max-video-preview:-1"},"canonical":"https:\/\/www.bioptic.net\/en\/optometry-adults\/","og_locale":"en_US","og_type":"article","og_title":"Optometry | Bi\u00f2ptic","og_description":"Did you know that we can retrain your eyesight? Optometry makes the most of your vision. Come and give a try by yourself.","og_url":"https:\/\/www.bioptic.net\/en\/optometry-adults\/","og_site_name":"Bi\u00f2ptic - Orto-K, Optometria y \u00d3ptica en Barcelona","article_publisher":"https:\/\/www.facebook.com\/bioptic","article_modified_time":"2017-07-05T08:24:49+00:00","twitter_misc":{"Est. reading time":"2 minutes"},"schema":{"@context":"https:\/\/schema.org","@graph":[{"@type":"WebPage","@id":"https:\/\/www.bioptic.net\/en\/optometry-adults\/","url":"https:\/\/www.bioptic.net\/en\/optometry-adults\/","name":"Optometry | Bi\u00f2ptic","isPartOf":{"@id":"https:\/\/www.bioptic.net\/en\/#website"},"datePublished":"2014-07-08T16:55:30+00:00","dateModified":"2017-07-05T08:24:49+00:00","description":"Did you know that we can retrain your eyesight? Optometry makes the most of your vision. Come and give a try by yourself.","breadcrumb":{"@id":"https:\/\/www.bioptic.net\/en\/optometry-adults\/#breadcrumb"},"inLanguage":"en-US","potentialAction":[{"@type":"ReadAction","target":["https:\/\/www.bioptic.net\/en\/optometry-adults\/"]}]},{"@type":"BreadcrumbList","@id":"https:\/\/www.bioptic.net\/en\/optometry-adults\/#breadcrumb","itemListElement":[{"@type":"ListItem","position":1,"name":"Inici","item":"https:\/\/www.bioptic.net\/en\/"},{"@type":"ListItem","position":2,"name":"Optometry for adults"}]},{"@type":"WebSite","@id":"https:\/\/www.bioptic.net\/en\/#website","url":"https:\/\/www.bioptic.net\/en\/","name":"Bi\u00f2ptic - Orto-K, Optometria y \u00d3ptica en Barcelona","description":"Centro de la visi\u00f3n en Barcelona. Orto-K, Optometr\u00eda, \u00d3ptica, Lentes de Contacto, CRT, Problemas de visi\u00f3n, Terapia Visual.","potentialAction":[{"@type":"SearchAction","target":{"@type":"EntryPoint","urlTemplate":"https:\/\/www.bioptic.net\/en\/?s={search_term_string}"},"query-input":{"@type":"PropertyValueSpecification","valueRequired":true,"valueName":"search_term_string"}}],"inLanguage":"en-US"}]}},"_links":{"self":[{"href":"https:\/\/www.bioptic.net\/en\/wp-json\/wp\/v2\/pages\/420","targetHints":{"allow":["GET"]}}],"collection":[{"href":"https:\/\/www.bioptic.net\/en\/wp-json\/wp\/v2\/pages"}],"about":[{"href":"https:\/\/www.bioptic.net\/en\/wp-json\/wp\/v2\/types\/page"}],"author":[{"embeddable":true,"href":"https:\/\/www.bioptic.net\/en\/wp-json\/wp\/v2\/users\/1"}],"replies":[{"embeddable":true,"href":"https:\/\/www.bioptic.net\/en\/wp-json\/wp\/v2\/comments?post=420"}],"version-history":[{"count":0,"href":"https:\/\/www.bioptic.net\/en\/wp-json\/wp\/v2\/pages\/420\/revisions"}],"wp:attachment":[{"href":"https:\/\/www.bioptic.net\/en\/wp-json\/wp\/v2\/media?parent=420"}],"curies":[{"name":"wp","href":"https:\/\/api.w.org\/{rel}","templated":true}]}}