{"id":412,"date":"2014-07-03T14:42:53","date_gmt":"2014-07-03T14:42:53","guid":{"rendered":"https:\/\/bioptic.net\/lentes-de-contacto-2\/"},"modified":"2021-10-29T10:25:43","modified_gmt":"2021-10-29T10:25:43","slug":"contact-lenses-info","status":"publish","type":"page","link":"https:\/\/www.bioptic.net\/en\/contact-lenses-info\/","title":{"rendered":"Contact Lenses"},"content":{"rendered":"<div id='full_slider_1'  class='avia-fullwidth-slider main_color avia-shadow   avia-builder-el-0  el_before_av_section  avia-builder-el-first   container_wrap sidebar_right'  ><div  class='avia-slideshow av-av_slideshow_full-b1540f231e1448ef5bc61cc764d9fe80 avia-slideshow-no scaling av_slideshow_full avia-slide-slider av-slideshow-ui av-control-default av-slideshow-manual av-loop-once av-loop-manual-endless av-default-height-applied   avia-slideshow-1' data-slideshow-options=\"{&quot;animation&quot;:&quot;slide&quot;,&quot;autoplay&quot;:false,&quot;loop_autoplay&quot;:&quot;once&quot;,&quot;interval&quot;:5,&quot;loop_manual&quot;:&quot;manual-endless&quot;,&quot;autoplay_stopper&quot;:false,&quot;noNavigation&quot;:false,&quot;bg_slider&quot;:false,&quot;keep_padding&quot;:false,&quot;hoverpause&quot;:false,&quot;show_slide_delay&quot;:0}\"  itemprop=\"image\" itemscope=\"itemscope\" itemtype=\"https:\/\/schema.org\/ImageObject\" ><ul class='avia-slideshow-inner ' style='padding-bottom: 30%;'><li  class='avia-slideshow-slide av-av_slideshow_full-b1540f231e1448ef5bc61cc764d9fe80__0  av-single-slide slide-1 slide-odd'><div data-rel='slideshow-1' class='avia-slide-wrap '   ><div class='av-slideshow-caption av-av_slideshow_full-b1540f231e1448ef5bc61cc764d9fe80__0 caption_fullwidth caption_center caption_center_framed caption_framed'><div class=\"container caption_container\"><div class=\"slideshow_caption\"><div class=\"slideshow_inner_caption\"><div class=\"slideshow_align_caption\"><div class='avia-caption-content '  itemprop=\"description\" ><p><b>\u00d3PTICA<\/b><\/p>\n<\/div><\/div><\/div><\/div><\/div><\/div><img decoding=\"async\" fetchpriority=\"high\" class=\"wp-image-2107 avia-img-lazy-loading-not-2107\"  src=\"https:\/\/www.bioptic.net\/wp-content\/uploads\/2014\/07\/slider-lentes-contacto.jpg\" width=\"2000\" height=\"600\" title='slider-lentes-contacto' alt='A woman sits at an eye examination machine while an optometrist examines her eyes through a slit lamp, assessing her vision and suitability for contact lenses in a clinical setting.'  itemprop=\"thumbnailUrl\" srcset=\"https:\/\/www.bioptic.net\/wp-content\/uploads\/2014\/07\/slider-lentes-contacto.jpg 2000w, https:\/\/www.bioptic.net\/wp-content\/uploads\/2014\/07\/slider-lentes-contacto-300x90.jpg 300w, https:\/\/www.bioptic.net\/wp-content\/uploads\/2014\/07\/slider-lentes-contacto-1030x309.jpg 1030w, https:\/\/www.bioptic.net\/wp-content\/uploads\/2014\/07\/slider-lentes-contacto-1500x450.jpg 1500w, https:\/\/www.bioptic.net\/wp-content\/uploads\/2014\/07\/slider-lentes-contacto-705x211.jpg 705w, https:\/\/www.bioptic.net\/wp-content\/uploads\/2014\/07\/slider-lentes-contacto-450x135.jpg 450w\" sizes=\"(max-width: 2000px) 100vw, 2000px\" \/><\/div><\/li><\/ul><\/div><\/div>\n\n<style type=\"text\/css\" data-created_by=\"avia_inline_auto\" id=\"style-css-av-av_section-fca8a6dcad8072bb17c1993acf2e9bfd\">\n.avia-section.av-av_section-fca8a6dcad8072bb17c1993acf2e9bfd{\nbackground-color:#00a2b1;\nbackground-image:unset;\n}\n<\/style>\n<div id='block-azul'  class='avia-section av-av_section-fca8a6dcad8072bb17c1993acf2e9bfd main_color avia-section-default avia-no-border-styling  avia-builder-el-1  el_after_av_slideshow_full  el_before_av_section  avia-bg-style-scroll container_wrap sidebar_right'  ><div class='container av-section-cont-open' ><div class='template-page content  av-content-small alpha units'><div class='post-entry post-entry-type-page post-entry-412'><div class='entry-content-wrapper clearfix'>\n\n<style type=\"text\/css\" data-created_by=\"avia_inline_auto\" id=\"style-css-av-av_heading-bbc5574ec285c9816fe758e71e5cf2c8\">\n#top .av-special-heading.av-av_heading-bbc5574ec285c9816fe758e71e5cf2c8{\npadding-bottom:15px;\ncolor:#ffffff;\n}\nbody .av-special-heading.av-av_heading-bbc5574ec285c9816fe758e71e5cf2c8 .av-special-heading-tag .heading-char{\nfont-size:25px;\n}\n.av-special-heading.av-av_heading-bbc5574ec285c9816fe758e71e5cf2c8 .special-heading-inner-border{\nborder-color:#ffffff;\n}\n.av-special-heading.av-av_heading-bbc5574ec285c9816fe758e71e5cf2c8 .av-subheading{\nfont-size:15px;\n}\n<\/style>\n<div  class='av-special-heading av-av_heading-bbc5574ec285c9816fe758e71e5cf2c8 av-special-heading-h2 custom-color-heading blockquote modern-quote modern-centered  avia-builder-el-2  el_before_av_hr  avia-builder-el-first '><h2 class='av-special-heading-tag '  itemprop=\"headline\"  >CONTACT LENSES<\/h2><div class='av_custom_color av-subheading av-subheading_below'><p>Since 1970. Bi\u00f2ptic, the first contact lenses centre in Spain.<\/p>\n<\/div><div class=\"special-heading-border\"><div class=\"special-heading-inner-border\"><\/div><\/div><\/div>\n\n<style type=\"text\/css\" data-created_by=\"avia_inline_auto\" id=\"style-css-av-av_hr-1a6546a5e1812810e33ec1c61207b283\">\n#top .hr.hr-invisible.av-av_hr-1a6546a5e1812810e33ec1c61207b283{\nheight:60px;\n}\n<\/style>\n<div  class='hr av-av_hr-1a6546a5e1812810e33ec1c61207b283 hr-invisible  avia-builder-el-3  el_after_av_heading  el_before_av_one_half '><span class='hr-inner '><span class=\"hr-inner-style\"><\/span><\/span><\/div>\n<div  class='flex_column av-av_one_half-2a9015ff38129c418a3f2eafba3e9512 av_one_half  avia-builder-el-4  el_after_av_hr  el_before_av_one_half  first flex_column_div  '     ><div  class='avia-icon-list-container av-av_iconlist-6f42dbbc5ffb1cc2e133a223b9c55fcd  avia-builder-el-5  avia-builder-el-no-sibling '><ul class='avia-icon-list avia_animate_when_almost_visible avia-icon-list-left av-iconlist-big av-av_iconlist-6f42dbbc5ffb1cc2e133a223b9c55fcd avia-iconlist-animate'>\n<li><a href='https:\/\/bioptic.net\/en\/ortho-k-lenses\/' title='CORRECT MYOPIA WHILE YOU SLEEP'  class='iconlist_icon av-av_iconlist_item-6a3265320a3dd34a90ffc7011bfc968c avia-font-entypo-fontello avia-iconfont avia-font-entypo-fontello'><span class='av-icon-char' data-av_icon='\ue814' data-av_iconfont='entypo-fontello' aria-hidden=\"true\"><\/span><\/a><article class=\"article-icon-entry \"  itemscope=\"itemscope\" itemtype=\"https:\/\/schema.org\/CreativeWork\" ><div class=\"iconlist_content_wrap\"><header class=\"entry-content-header\" aria-label=\"Icon: &lt;a href=&#039;https:\/\/bioptic.net\/en\/ortho-k-lenses\/&#039; title=&#039;CORRECT MYOPIA WHILE YOU SLEEP&#039;&gt;CORRECT MYOPIA WHILE YOU SLEEP&lt;\/a&gt;\"><h4 class='av_iconlist_title iconlist_title  '  itemprop=\"headline\" ><a href='https:\/\/bioptic.net\/en\/ortho-k-lenses\/' title='CORRECT MYOPIA WHILE YOU SLEEP'>CORRECT MYOPIA WHILE YOU SLEEP<\/a><\/h4><\/header><div class='iconlist_content '  itemprop=\"text\" ><p class=\"p1\">Don&#8217;t you know yet the treatment to prevent myopia from increasing with the nocturnal contact lenses? Forget about glasses with the ortho-k contact lenses!<\/p>\n<\/div><\/div><footer class=\"entry-footer\"><\/footer><\/article><div class=\"iconlist-timeline\"><\/div><\/li>\n<li><div class='iconlist_icon av-av_iconlist_item-e75e9c7bd694e8903b7ce4e4830e5ecc avia-font-entypo-fontello avia-iconfont avia-font-entypo-fontello'><span class='av-icon-char' data-av_icon='\ue814' data-av_iconfont='entypo-fontello' aria-hidden=\"true\"><\/span><\/div><article class=\"article-icon-entry \"  itemscope=\"itemscope\" itemtype=\"https:\/\/schema.org\/CreativeWork\" ><div class=\"iconlist_content_wrap\"><header class=\"entry-content-header\" aria-label=\"Icon: PREVENT MYOPIA FROM INCREASING\"><h4 class='av_iconlist_title iconlist_title  '  itemprop=\"headline\" >PREVENT MYOPIA FROM INCREASING<\/h4><\/header><div class='iconlist_content '  itemprop=\"text\" ><p class=\"p1\">If you want to prevent myopia from increasing, we can fit special soft contact lenses or use ortho-k contact lenses.<\/p>\n<\/div><\/div><footer class=\"entry-footer\"><\/footer><\/article><div class=\"iconlist-timeline\"><\/div><\/li>\n<li><div class='iconlist_icon av-av_iconlist_item-ef9923f12106bde74715e3feca194a9d avia-font-entypo-fontello avia-iconfont avia-font-entypo-fontello'><span class='av-icon-char' data-av_icon='\ue814' data-av_iconfont='entypo-fontello' aria-hidden=\"true\"><\/span><\/div><article class=\"article-icon-entry \"  itemscope=\"itemscope\" itemtype=\"https:\/\/schema.org\/CreativeWork\" ><div class=\"iconlist_content_wrap\"><header class=\"entry-content-header\" aria-label=\"Icon: PERMANENT CONTACT LENSES\"><h4 class='av_iconlist_title iconlist_title  '  itemprop=\"headline\" >PERMANENT CONTACT LENSES<\/h4><\/header><div class='iconlist_content '  itemprop=\"text\" ><p class=\"p1\">If you want to stop depending on glasses and start using contact lenses regularly, you can try these contact lenses of prolonged usage during 30 days and 30 nights.<\/p>\n<\/div><\/div><footer class=\"entry-footer\"><\/footer><\/article><div class=\"iconlist-timeline\"><\/div><\/li>\n<li><div class='iconlist_icon av-av_iconlist_item-143bd12892c6d1f63d333f59565edb9d avia-font-entypo-fontello avia-iconfont avia-font-entypo-fontello'><span class='av-icon-char' data-av_icon='\ue814' data-av_iconfont='entypo-fontello' aria-hidden=\"true\"><\/span><\/div><article class=\"article-icon-entry \"  itemscope=\"itemscope\" itemtype=\"https:\/\/schema.org\/CreativeWork\" ><div class=\"iconlist_content_wrap\"><header class=\"entry-content-header\" aria-label=\"Icon: KERATOCONUS\"><h4 class='av_iconlist_title iconlist_title  '  itemprop=\"headline\" >KERATOCONUS<\/h4><\/header><div class='iconlist_content '  itemprop=\"text\" ><p class=\"p1\">We are specialists in the therapeutical contact lenses adaptation for the keratoconus control and correction.<\/p>\n<\/div><\/div><footer class=\"entry-footer\"><\/footer><\/article><div class=\"iconlist-timeline\"><\/div><\/li>\n<\/ul><\/div><\/div>\n<style type=\"text\/css\" data-created_by=\"avia_inline_auto\" id=\"style-css-av-av_one_half-0aa7055fe62c3622faec82866afbaeb2\">\n.flex_column.av-av_one_half-0aa7055fe62c3622faec82866afbaeb2{\nborder-radius:0px 0px 0px 0px;\npadding:0px 0px 0px 0px;\n}\n<\/style>\n<div  class='flex_column av-av_one_half-0aa7055fe62c3622faec82866afbaeb2 av_one_half  avia-builder-el-6  el_after_av_one_half  avia-builder-el-last  flex_column_div av-zero-column-padding  '     ><div  class='avia-icon-list-container av-av_iconlist-6f42dbbc5ffb1cc2e133a223b9c55fcd  avia-builder-el-7  avia-builder-el-no-sibling '><ul class='avia-icon-list avia_animate_when_almost_visible avia-icon-list-left av-iconlist-big av-av_iconlist-6f42dbbc5ffb1cc2e133a223b9c55fcd avia-iconlist-animate'>\n<li><div class='iconlist_icon av-av_iconlist_item-2bbcf25e8ad178c3cfa4ece3e28b0e01 avia-font-entypo-fontello avia-iconfont avia-font-entypo-fontello'><span class='av-icon-char' data-av_icon='\ue814' data-av_iconfont='entypo-fontello' aria-hidden=\"true\"><\/span><\/div><article class=\"article-icon-entry \"  itemscope=\"itemscope\" itemtype=\"https:\/\/schema.org\/CreativeWork\" ><div class=\"iconlist_content_wrap\"><header class=\"entry-content-header\" aria-label=\"Icon: FREQUENT REPLACEMENT\"><h4 class='av_iconlist_title iconlist_title  '  itemprop=\"headline\" >FREQUENT REPLACEMENT<\/h4><\/header><div class='iconlist_content '  itemprop=\"text\" ><p class=\"p1\">No matter which graduation you have, if you want to wear for the first time contact lenses frequently for a better eye health, you can try the contact lenses of daily, weekly, fortnightly, monthly replacement&#8230;<\/p>\n<\/div><\/div><footer class=\"entry-footer\"><\/footer><\/article><div class=\"iconlist-timeline\"><\/div><\/li>\n<li><div class='iconlist_icon av-av_iconlist_item-ea77c0655cad13fd6e98186f2ceb985c avia-font-entypo-fontello avia-iconfont avia-font-entypo-fontello'><span class='av-icon-char' data-av_icon='\ue814' data-av_iconfont='entypo-fontello' aria-hidden=\"true\"><\/span><\/div><article class=\"article-icon-entry \"  itemscope=\"itemscope\" itemtype=\"https:\/\/schema.org\/CreativeWork\" ><div class=\"iconlist_content_wrap\"><header class=\"entry-content-header\" aria-label=\"Icon: COSMETIC CONTACT LENSES\"><h4 class='av_iconlist_title iconlist_title  '  itemprop=\"headline\" >COSMETIC CONTACT LENSES<\/h4><\/header><div class='iconlist_content '  itemprop=\"text\" ><p class=\"p1\">Have you always dreamt of having blue eyes? green eyes? We have a wide variety of cosmetic contact lenses so that you can choose those that look good for you.<\/p>\n<\/div><\/div><footer class=\"entry-footer\"><\/footer><\/article><div class=\"iconlist-timeline\"><\/div><\/li>\n<li><div class='iconlist_icon av-av_iconlist_item-e5e7d8edaccfb70d8386a43735fac165 avia-font-entypo-fontello avia-iconfont avia-font-entypo-fontello'><span class='av-icon-char' data-av_icon='\ue814' data-av_iconfont='entypo-fontello' aria-hidden=\"true\"><\/span><\/div><article class=\"article-icon-entry \"  itemscope=\"itemscope\" itemtype=\"https:\/\/schema.org\/CreativeWork\" ><div class=\"iconlist_content_wrap\"><header class=\"entry-content-header\" aria-label=\"Icon: PROGRESSIVE CONTACT LENSES\"><h4 class='av_iconlist_title iconlist_title  '  itemprop=\"headline\" >PROGRESSIVE CONTACT LENSES<\/h4><\/header><div class='iconlist_content '  itemprop=\"text\" ><p class=\"p1\">If you have presbyopia, we can adapt progressive contact lenses that allow you to see at all distances and forget about glasses!<\/p>\n<\/div><\/div><footer class=\"entry-footer\"><\/footer><\/article><div class=\"iconlist-timeline\"><\/div><\/li>\n<li><div class='iconlist_icon av-av_iconlist_item-987fe2a9c919209dce725dd23dac9ee7 avia-font-entypo-fontello avia-iconfont avia-font-entypo-fontello'><span class='av-icon-char' data-av_icon='\ue814' data-av_iconfont='entypo-fontello' aria-hidden=\"true\"><\/span><\/div><article class=\"article-icon-entry \"  itemscope=\"itemscope\" itemtype=\"https:\/\/schema.org\/CreativeWork\" ><div class=\"iconlist_content_wrap\"><header class=\"entry-content-header\" aria-label=\"Icon: LEUCOMA\"><h4 class='av_iconlist_title iconlist_title  '  itemprop=\"headline\" >LEUCOMA<\/h4><\/header><div class='iconlist_content '  itemprop=\"text\" ><p class=\"p1\">If you need a cosmetic contact lense to cover corneal defects, we design a contact lense exactly the same as the natural colour of your eyes by means of a personalized study.<\/p>\n<\/div><\/div><footer class=\"entry-footer\"><\/footer><\/article><div class=\"iconlist-timeline\"><\/div><\/li>\n<\/ul><\/div><\/div><\/div><\/div><\/div><!-- close content main div --><\/div><\/div>\n<style type=\"text\/css\" data-created_by=\"avia_inline_auto\" id=\"style-css-av-av_section-9382b336c2b20f25d8028b04e013f4af\">\n.avia-section.av-av_section-9382b336c2b20f25d8028b04e013f4af{\nbackground-color:#0698A7;\nbackground-image:unset;\n}\n<\/style>\n<div id='block-azul-oscuro'  class='avia-section av-av_section-9382b336c2b20f25d8028b04e013f4af main_color avia-section-large avia-no-border-styling  avia-builder-el-8  el_after_av_section  avia-builder-el-last  avia-bg-style-scroll container_wrap sidebar_right'  ><div class='container av-section-cont-open' ><div class='template-page content  av-content-small alpha units'><div class='post-entry post-entry-type-page post-entry-412'><div class='entry-content-wrapper clearfix'>\n<div  class='avia-button-wrap av-av_button-d0ecf7973b4548e6074aefd70812b717-wrap avia-button-center  avia-builder-el-9  avia-builder-el-no-sibling '>\n<style type=\"text\/css\" data-created_by=\"avia_inline_auto\" id=\"style-css-av-av_button-d0ecf7973b4548e6074aefd70812b717\">\n#top #wrap_all .avia-button.av-av_button-d0ecf7973b4548e6074aefd70812b717{\nbackground-color:#068895;\nborder-color:#068895;\ncolor:#444444;\ntransition:all 0.4s ease-in-out;\n}\n#top #wrap_all .avia-button.av-av_button-d0ecf7973b4548e6074aefd70812b717 .avia-svg-icon svg:first-child{\nfill:#444444;\nstroke:#444444;\n}\n<\/style>\n<a href='https:\/\/bioptic.net\/en\/contact-us\/'  class='avia-button av-av_button-d0ecf7973b4548e6074aefd70812b717 av-link-btn avia-icon_select-no avia-size-large avia-position-center'   aria-label=\"ASK FOR FURTHER INFORMATION\"><span class='avia_iconbox_title' >ASK FOR FURTHER INFORMATION<\/span><\/a><\/div>\n<\/div><\/div><\/div><!-- close content main div --><\/div><\/div><div id='after_section_2'  class='main_color av_default_container_wrap container_wrap sidebar_right'  ><div class='container av-section-cont-open' ><div class='template-page content  av-content-small alpha units'><div class='post-entry post-entry-type-page post-entry-412'><div class='entry-content-wrapper clearfix'><\/p>\n","protected":false},"excerpt":{"rendered":"","protected":false},"author":1,"featured_media":0,"parent":0,"menu_order":0,"comment_status":"open","ping_status":"closed","template":"","meta":{"_exactmetrics_skip_tracking":false,"_exactmetrics_sitenote_active":false,"_exactmetrics_sitenote_note":"","_exactmetrics_sitenote_category":0,"_joinchat":[],"footnotes":""},"class_list":["post-412","page","type-page","status-publish","hentry"],"yoast_head":"<!-- This site is optimized with the Yoast SEO plugin v27.1.1 - https:\/\/yoast.com\/product\/yoast-seo-wordpress\/ -->\n<title>Contact lenses | Bioptic<\/title>\n<meta name=\"description\" content=\"Bioptic since 1970. The first contact lenses center in Spain keeps delivering solutions for all sort of problems. Frequent replacement, permanent, ortho-k.\" \/>\n<meta name=\"robots\" content=\"index, follow, max-snippet:-1, max-image-preview:large, max-video-preview:-1\" \/>\n<link rel=\"canonical\" href=\"https:\/\/www.bioptic.net\/en\/contact-lenses-info\/\" \/>\n<meta property=\"og:locale\" content=\"en_US\" \/>\n<meta property=\"og:type\" content=\"article\" \/>\n<meta property=\"og:title\" content=\"Contact lenses | Bioptic\" \/>\n<meta property=\"og:description\" content=\"Bioptic since 1970. The first contact lenses center in Spain keeps delivering solutions for all sort of problems. Frequent replacement, permanent, ortho-k.\" \/>\n<meta property=\"og:url\" content=\"https:\/\/www.bioptic.net\/en\/contact-lenses-info\/\" \/>\n<meta property=\"og:site_name\" content=\"Bi\u00f2ptic - Orto-K, Optometria y \u00d3ptica en Barcelona\" \/>\n<meta property=\"article:publisher\" content=\"https:\/\/www.facebook.com\/bioptic\" \/>\n<meta property=\"article:modified_time\" content=\"2021-10-29T10:25:43+00:00\" \/>\n<meta name=\"twitter:label1\" content=\"Est. reading time\" \/>\n\t<meta name=\"twitter:data1\" content=\"4 minutes\" \/>\n<script type=\"application\/ld+json\" class=\"yoast-schema-graph\">{\"@context\":\"https:\/\/schema.org\",\"@graph\":[{\"@type\":\"WebPage\",\"@id\":\"https:\/\/www.bioptic.net\/en\/contact-lenses-info\/\",\"url\":\"https:\/\/www.bioptic.net\/en\/contact-lenses-info\/\",\"name\":\"Contact lenses | Bioptic\",\"isPartOf\":{\"@id\":\"https:\/\/www.bioptic.net\/en\/#website\"},\"datePublished\":\"2014-07-03T14:42:53+00:00\",\"dateModified\":\"2021-10-29T10:25:43+00:00\",\"description\":\"Bioptic since 1970. The first contact lenses center in Spain keeps delivering solutions for all sort of problems. Frequent replacement, permanent, ortho-k.\",\"breadcrumb\":{\"@id\":\"https:\/\/www.bioptic.net\/en\/contact-lenses-info\/#breadcrumb\"},\"inLanguage\":\"en-US\",\"potentialAction\":[{\"@type\":\"ReadAction\",\"target\":[\"https:\/\/www.bioptic.net\/en\/contact-lenses-info\/\"]}]},{\"@type\":\"BreadcrumbList\",\"@id\":\"https:\/\/www.bioptic.net\/en\/contact-lenses-info\/#breadcrumb\",\"itemListElement\":[{\"@type\":\"ListItem\",\"position\":1,\"name\":\"Inici\",\"item\":\"https:\/\/www.bioptic.net\/en\/\"},{\"@type\":\"ListItem\",\"position\":2,\"name\":\"Contact Lenses\"}]},{\"@type\":\"WebSite\",\"@id\":\"https:\/\/www.bioptic.net\/en\/#website\",\"url\":\"https:\/\/www.bioptic.net\/en\/\",\"name\":\"Bi\u00f2ptic - Orto-K, Optometria y \u00d3ptica en Barcelona\",\"description\":\"Centro de la visi\u00f3n en Barcelona. Orto-K, Optometr\u00eda, \u00d3ptica, Lentes de Contacto, CRT, Problemas de visi\u00f3n, Terapia Visual.\",\"potentialAction\":[{\"@type\":\"SearchAction\",\"target\":{\"@type\":\"EntryPoint\",\"urlTemplate\":\"https:\/\/www.bioptic.net\/en\/?s={search_term_string}\"},\"query-input\":{\"@type\":\"PropertyValueSpecification\",\"valueRequired\":true,\"valueName\":\"search_term_string\"}}],\"inLanguage\":\"en-US\"}]}<\/script>\n<!-- \/ Yoast SEO plugin. -->","yoast_head_json":{"title":"Contact lenses | Bioptic","description":"Bioptic since 1970. The first contact lenses center in Spain keeps delivering solutions for all sort of problems. Frequent replacement, permanent, ortho-k.","robots":{"index":"index","follow":"follow","max-snippet":"max-snippet:-1","max-image-preview":"max-image-preview:large","max-video-preview":"max-video-preview:-1"},"canonical":"https:\/\/www.bioptic.net\/en\/contact-lenses-info\/","og_locale":"en_US","og_type":"article","og_title":"Contact lenses | Bioptic","og_description":"Bioptic since 1970. The first contact lenses center in Spain keeps delivering solutions for all sort of problems. Frequent replacement, permanent, ortho-k.","og_url":"https:\/\/www.bioptic.net\/en\/contact-lenses-info\/","og_site_name":"Bi\u00f2ptic - Orto-K, Optometria y \u00d3ptica en Barcelona","article_publisher":"https:\/\/www.facebook.com\/bioptic","article_modified_time":"2021-10-29T10:25:43+00:00","twitter_misc":{"Est. reading time":"4 minutes"},"schema":{"@context":"https:\/\/schema.org","@graph":[{"@type":"WebPage","@id":"https:\/\/www.bioptic.net\/en\/contact-lenses-info\/","url":"https:\/\/www.bioptic.net\/en\/contact-lenses-info\/","name":"Contact lenses | Bioptic","isPartOf":{"@id":"https:\/\/www.bioptic.net\/en\/#website"},"datePublished":"2014-07-03T14:42:53+00:00","dateModified":"2021-10-29T10:25:43+00:00","description":"Bioptic since 1970. The first contact lenses center in Spain keeps delivering solutions for all sort of problems. Frequent replacement, permanent, ortho-k.","breadcrumb":{"@id":"https:\/\/www.bioptic.net\/en\/contact-lenses-info\/#breadcrumb"},"inLanguage":"en-US","potentialAction":[{"@type":"ReadAction","target":["https:\/\/www.bioptic.net\/en\/contact-lenses-info\/"]}]},{"@type":"BreadcrumbList","@id":"https:\/\/www.bioptic.net\/en\/contact-lenses-info\/#breadcrumb","itemListElement":[{"@type":"ListItem","position":1,"name":"Inici","item":"https:\/\/www.bioptic.net\/en\/"},{"@type":"ListItem","position":2,"name":"Contact Lenses"}]},{"@type":"WebSite","@id":"https:\/\/www.bioptic.net\/en\/#website","url":"https:\/\/www.bioptic.net\/en\/","name":"Bi\u00f2ptic - Orto-K, Optometria y \u00d3ptica en Barcelona","description":"Centro de la visi\u00f3n en Barcelona. Orto-K, Optometr\u00eda, \u00d3ptica, Lentes de Contacto, CRT, Problemas de visi\u00f3n, Terapia Visual.","potentialAction":[{"@type":"SearchAction","target":{"@type":"EntryPoint","urlTemplate":"https:\/\/www.bioptic.net\/en\/?s={search_term_string}"},"query-input":{"@type":"PropertyValueSpecification","valueRequired":true,"valueName":"search_term_string"}}],"inLanguage":"en-US"}]}},"_links":{"self":[{"href":"https:\/\/www.bioptic.net\/en\/wp-json\/wp\/v2\/pages\/412","targetHints":{"allow":["GET"]}}],"collection":[{"href":"https:\/\/www.bioptic.net\/en\/wp-json\/wp\/v2\/pages"}],"about":[{"href":"https:\/\/www.bioptic.net\/en\/wp-json\/wp\/v2\/types\/page"}],"author":[{"embeddable":true,"href":"https:\/\/www.bioptic.net\/en\/wp-json\/wp\/v2\/users\/1"}],"replies":[{"embeddable":true,"href":"https:\/\/www.bioptic.net\/en\/wp-json\/wp\/v2\/comments?post=412"}],"version-history":[{"count":0,"href":"https:\/\/www.bioptic.net\/en\/wp-json\/wp\/v2\/pages\/412\/revisions"}],"wp:attachment":[{"href":"https:\/\/www.bioptic.net\/en\/wp-json\/wp\/v2\/media?parent=412"}],"curies":[{"name":"wp","href":"https:\/\/api.w.org\/{rel}","templated":true}]}}