{"id":408,"date":"2014-07-01T14:44:40","date_gmt":"2014-07-01T14:44:40","guid":{"rendered":"https:\/\/bioptic.net\/contacta-2\/"},"modified":"2025-07-01T15:40:56","modified_gmt":"2025-07-01T15:40:56","slug":"contact-us","status":"publish","type":"page","link":"https:\/\/www.bioptic.net\/en\/contact-us\/","title":{"rendered":"Contact Us"},"content":{"rendered":"<div  class='av_gmaps_sc_main_wrap av_gmaps_main_wrap '><div id='av_gmap_0' class='avia-google-map-container avia-google-map-sc av_gmaps_show_unconditionally av-no-fallback-img ' data-mapid='av_gmap_0'  style='padding-bottom: 30.769230769231%;'><a class=\"av_gmaps_browser_disabled av_text_confirm_link av_text_confirm_link_visible\" href=\"https:\/\/www.google.com\/maps\/search\/?api=1&#038;query=Bi\u00f2ptic,%20Rambla%20Catalunya%2013,%20principal%201\u00aa%20%20Barcelona%20%20Spain\" target=\"_blank\">Maps were disabled by the visitor on this site. Click to open the map in a new window.<\/a><\/div><\/div>\n\n<style type=\"text\/css\" data-created_by=\"avia_inline_auto\" id=\"style-css-av-av_heading-05a1a8bc0ed4914614c9550c3d6003b9\">\n#top .av-special-heading.av-av_heading-05a1a8bc0ed4914614c9550c3d6003b9{\npadding-bottom:15px;\ncolor:#00a2b1;\n}\nbody .av-special-heading.av-av_heading-05a1a8bc0ed4914614c9550c3d6003b9 .av-special-heading-tag .heading-char{\nfont-size:25px;\n}\n.av-special-heading.av-av_heading-05a1a8bc0ed4914614c9550c3d6003b9 .special-heading-inner-border{\nborder-color:#00a2b1;\n}\n.av-special-heading.av-av_heading-05a1a8bc0ed4914614c9550c3d6003b9 .av-subheading{\nfont-size:15px;\n}\n<\/style>\n<div  class='av-special-heading av-av_heading-05a1a8bc0ed4914614c9550c3d6003b9 av-special-heading-h2 custom-color-heading blockquote modern-quote modern-centered  avia-builder-el-1  el_after_av_google_map  el_before_av_textblock  avia-builder-el-first '><h2 class='av-special-heading-tag '  itemprop=\"headline\"  >CONTACT US<\/h2><div class='av_custom_color av-subheading av-subheading_below'><p>Schedule a home visit or request more information::<\/p>\n<\/div><div class=\"special-heading-border\"><div class=\"special-heading-inner-border\"><\/div><\/div><\/div>\n<section  class='av_textblock_section av-mckp319x-a0cc7dbb710575d543c905e0b3b73f32 '   itemscope=\"itemscope\" itemtype=\"https:\/\/schema.org\/CreativeWork\" ><div class='avia_textblock'  itemprop=\"text\" ><div class='fluentform ff-default fluentform_wrapper_1 ffs_default_wrap'><form data-form_id=\"1\" id=\"fluentform_1\" class=\"frm-fluent-form fluent_form_1 ff-el-form-top ff_form_instance_1_1 ff-form-loading ffs_default\" data-form_instance=\"ff_form_instance_1_1\" method=\"POST\" ><fieldset  style=\"border: none!important;margin: 0!important;padding: 0!important;background-color: transparent!important;box-shadow: none!important;outline: none!important; min-inline-size: 100%;\">\n                    <legend class=\"ff_screen_reader_title\" style=\"display: block; margin: 0!important;padding: 0!important;height: 0!important;text-indent: -999999px;width: 0!important;overflow:hidden;\">Formulario de contacto<\/legend><p style=\"display: none !important;\" class=\"akismet-fields-container\" data-prefix=\"ak_\"><label>&#916;<textarea name=\"ak_hp_textarea\" cols=\"45\" rows=\"8\" maxlength=\"100\"><\/textarea><\/label><input type=\"hidden\" id=\"ak_js_1\" name=\"ak_js\" value=\"106\"\/><script>document.getElementById( \"ak_js_1\" ).setAttribute( \"value\", ( new Date() ).getTime() );<\/script><\/p><input type='hidden' name='__fluent_form_embded_post_id' value='408' \/><input type=\"hidden\" id=\"_fluentform_1_fluentformnonce\" name=\"_fluentform_1_fluentformnonce\" value=\"64e1e3fd04\" \/><input type=\"hidden\" name=\"_wp_http_referer\" value=\"\/en\/wp-json\/wp\/v2\/pages\/408\" \/><div data-type=\"name-element\" data-name=\"names\" class=\" ff-field_container ff-name-field-wrapper\" ><div class='ff-t-container'><div class='ff-t-cell '><div class='ff-el-group'><div class=\"ff-el-input--label ff-el-is-required asterisk-right\"><label for='ff_1_names_first_name_' id='label_ff_1_names_first_name_' >Name<\/label><\/div><div class='ff-el-input--content'><input type=\"text\" name=\"names[first_name]\" id=\"ff_1_names_first_name_\" class=\"ff-el-form-control\" aria-invalid=\"false\" aria-required=true><\/div><\/div><\/div><\/div><\/div><div class='ff-el-group'><div class=\"ff-el-input--label ff-el-is-required asterisk-right\"><label for='ff_1_email' id='label_ff_1_email' aria-label=\"Email\">Email<\/label><\/div><div class='ff-el-input--content'><input type=\"email\" name=\"email\" id=\"ff_1_email\" class=\"ff-el-form-control\" data-name=\"email\"  aria-invalid=\"false\" aria-required=true><\/div><\/div><div class='ff-el-group'><div class=\"ff-el-input--label ff-el-is-required asterisk-right\"><label for='ff_1_input_text' id='label_ff_1_input_text' aria-label=\"Telephone\">Telephone<\/label><\/div><div class='ff-el-input--content'><input type=\"text\" name=\"input_text\" class=\"ff-el-form-control\" data-name=\"input_text\" id=\"ff_1_input_text\"  aria-invalid=\"false\" aria-required=true><\/div><\/div><div class='ff-el-group'><div class=\"ff-el-input--label ff-el-is-required asterisk-right\"><label for='ff_1_message' id='label_ff_1_message' aria-label=\"Message\">Message<\/label><\/div><div class='ff-el-input--content'><textarea aria-required=\"true\" aria-labelledby=\"label_ff_1_message\" name=\"message\" id=\"ff_1_message\" class=\"ff-el-form-control\" rows=\"4\" cols=\"2\" data-name=\"message\" ><\/textarea><\/div><\/div><div class='ff-el-group    ff-el-input--content'><div class='ff-el-form-check ff-el-tc'><label aria-label='Terms and Conditions: I accept the legal conditions and terms Contains 1 link. Use tab navigation to review.' class='ff-el-form-check-label ff_tc_label' for=gdpr-agreement_5d0571dde727a51d48f373525530881a><span class='ff_tc_checkbox'><input type=\"checkbox\" name=\"gdpr-agreement\" class=\"ff-el-form-check-input ff_gdpr_field\" data-name=\"gdpr-agreement\" id=\"gdpr-agreement_5d0571dde727a51d48f373525530881a\"  value='on' aria-invalid='false' aria-required=true><\/span> <div class='ff_t_c'>I accept the <a href=\"https:\/\/www.bioptic.net\/en\/terms-and-conditions\/\" target=\"_blank\">legal conditions and terms<\/a><\/div><\/label><\/div><\/div><div class='ff-el-group ff-text-left ff_submit_btn_wrapper'><button type=\"submit\" class=\"ff-btn ff-btn-submit ff-btn-md ff_btn_style\"  aria-label=\"Send\">Send<\/button><\/div><\/fieldset><\/form><div id='fluentform_1_errors' class='ff-errors-in-stack ff_form_instance_1_1 ff-form-loading_errors ff_form_instance_1_1_errors'><\/div><\/div>            <script type=\"text\/javascript\">\n                window.fluent_form_ff_form_instance_1_1 = {\"id\":\"1\",\"settings\":{\"layout\":{\"labelPlacement\":\"top\",\"helpMessagePlacement\":\"with_label\",\"errorMessagePlacement\":\"inline\",\"cssClassName\":\"\",\"asteriskPlacement\":\"asterisk-right\"},\"restrictions\":{\"denyEmptySubmission\":{\"enabled\":false}}},\"form_instance\":\"ff_form_instance_1_1\",\"form_id_selector\":\"fluentform_1\",\"rules\":{\"names[first_name]\":{\"required\":{\"value\":true,\"message\":\"This field is required\",\"global\":false,\"global_message\":\"This field is required\"}},\"names[middle_name]\":{\"required\":{\"value\":false,\"message\":\"This field is required\",\"global\":false,\"global_message\":\"This field is required\"}},\"names[last_name]\":{\"required\":{\"value\":false,\"message\":\"This field is required\",\"global\":false,\"global_message\":\"This field is required\"}},\"email\":{\"required\":{\"value\":true,\"message\":\"This field is required\",\"global\":false,\"global_message\":\"This field is required\"},\"email\":{\"value\":true,\"message\":\"This field must contain a valid email\",\"global\":false,\"global_message\":\"This field must contain a valid email\"}},\"input_text\":{\"required\":{\"value\":true,\"message\":\"This field is required\",\"global_message\":\"This field is required\",\"global\":false}},\"message\":{\"required\":{\"value\":true,\"message\":\"This field is required\",\"global\":false,\"global_message\":\"This field is required\"}},\"gdpr-agreement\":{\"required\":{\"value\":true,\"message\":\"This field is required\",\"global_message\":\"This field is required\",\"global\":false}}},\"debounce_time\":300};\n                            <\/script>\n            \n<\/div><\/section>\n","protected":false},"excerpt":{"rendered":"","protected":false},"author":1,"featured_media":0,"parent":0,"menu_order":0,"comment_status":"open","ping_status":"closed","template":"","meta":{"_exactmetrics_skip_tracking":false,"_exactmetrics_sitenote_active":false,"_exactmetrics_sitenote_note":"","_exactmetrics_sitenote_category":0,"_joinchat":[],"footnotes":""},"class_list":["post-408","page","type-page","status-publish","hentry"],"yoast_head":"<!-- This site is optimized with the Yoast SEO plugin v27.1.1 - https:\/\/yoast.com\/product\/yoast-seo-wordpress\/ -->\n<title>Contact Us | Bi\u00f2ptic<\/title>\n<meta name=\"description\" content=\"Come and meet our team with more than 20 years of experience in optometry and visual therapy. More than 4.000 customers trust in us. Contact us!\" \/>\n<meta name=\"robots\" content=\"index, follow, max-snippet:-1, max-image-preview:large, max-video-preview:-1\" \/>\n<link rel=\"canonical\" href=\"https:\/\/www.bioptic.net\/en\/contact-us\/\" \/>\n<meta property=\"og:locale\" content=\"en_US\" \/>\n<meta property=\"og:type\" content=\"article\" \/>\n<meta property=\"og:title\" content=\"Contact Us | Bi\u00f2ptic\" \/>\n<meta property=\"og:description\" content=\"Come and meet our team with more than 20 years of experience in optometry and visual therapy. More than 4.000 customers trust in us. Contact us!\" \/>\n<meta property=\"og:url\" content=\"https:\/\/www.bioptic.net\/en\/contact-us\/\" \/>\n<meta property=\"og:site_name\" content=\"Bi\u00f2ptic - Orto-K, Optometria y \u00d3ptica en Barcelona\" \/>\n<meta property=\"article:publisher\" content=\"https:\/\/www.facebook.com\/bioptic\" \/>\n<meta property=\"article:modified_time\" content=\"2025-07-01T15:40:56+00:00\" \/>\n<meta name=\"twitter:label1\" content=\"Est. reading time\" \/>\n\t<meta name=\"twitter:data1\" content=\"1 minute\" \/>\n<script type=\"application\/ld+json\" class=\"yoast-schema-graph\">{\"@context\":\"https:\/\/schema.org\",\"@graph\":[{\"@type\":\"WebPage\",\"@id\":\"https:\/\/www.bioptic.net\/en\/contact-us\/\",\"url\":\"https:\/\/www.bioptic.net\/en\/contact-us\/\",\"name\":\"Contact Us | Bi\u00f2ptic\",\"isPartOf\":{\"@id\":\"https:\/\/www.bioptic.net\/en\/#website\"},\"datePublished\":\"2014-07-01T14:44:40+00:00\",\"dateModified\":\"2025-07-01T15:40:56+00:00\",\"description\":\"Come and meet our team with more than 20 years of experience in optometry and visual therapy. More than 4.000 customers trust in us. Contact us!\",\"breadcrumb\":{\"@id\":\"https:\/\/www.bioptic.net\/en\/contact-us\/#breadcrumb\"},\"inLanguage\":\"en-US\",\"potentialAction\":[{\"@type\":\"ReadAction\",\"target\":[\"https:\/\/www.bioptic.net\/en\/contact-us\/\"]}]},{\"@type\":\"BreadcrumbList\",\"@id\":\"https:\/\/www.bioptic.net\/en\/contact-us\/#breadcrumb\",\"itemListElement\":[{\"@type\":\"ListItem\",\"position\":1,\"name\":\"Inici\",\"item\":\"https:\/\/www.bioptic.net\/en\/\"},{\"@type\":\"ListItem\",\"position\":2,\"name\":\"Contact Us\"}]},{\"@type\":\"WebSite\",\"@id\":\"https:\/\/www.bioptic.net\/en\/#website\",\"url\":\"https:\/\/www.bioptic.net\/en\/\",\"name\":\"Bi\u00f2ptic - Orto-K, Optometria y \u00d3ptica en Barcelona\",\"description\":\"Centro de la visi\u00f3n en Barcelona. Orto-K, Optometr\u00eda, \u00d3ptica, Lentes de Contacto, CRT, Problemas de visi\u00f3n, Terapia Visual.\",\"potentialAction\":[{\"@type\":\"SearchAction\",\"target\":{\"@type\":\"EntryPoint\",\"urlTemplate\":\"https:\/\/www.bioptic.net\/en\/?s={search_term_string}\"},\"query-input\":{\"@type\":\"PropertyValueSpecification\",\"valueRequired\":true,\"valueName\":\"search_term_string\"}}],\"inLanguage\":\"en-US\"}]}<\/script>\n<!-- \/ Yoast SEO plugin. -->","yoast_head_json":{"title":"Contact Us | Bi\u00f2ptic","description":"Come and meet our team with more than 20 years of experience in optometry and visual therapy. More than 4.000 customers trust in us. Contact us!","robots":{"index":"index","follow":"follow","max-snippet":"max-snippet:-1","max-image-preview":"max-image-preview:large","max-video-preview":"max-video-preview:-1"},"canonical":"https:\/\/www.bioptic.net\/en\/contact-us\/","og_locale":"en_US","og_type":"article","og_title":"Contact Us | Bi\u00f2ptic","og_description":"Come and meet our team with more than 20 years of experience in optometry and visual therapy. More than 4.000 customers trust in us. Contact us!","og_url":"https:\/\/www.bioptic.net\/en\/contact-us\/","og_site_name":"Bi\u00f2ptic - Orto-K, Optometria y \u00d3ptica en Barcelona","article_publisher":"https:\/\/www.facebook.com\/bioptic","article_modified_time":"2025-07-01T15:40:56+00:00","twitter_misc":{"Est. reading time":"1 minute"},"schema":{"@context":"https:\/\/schema.org","@graph":[{"@type":"WebPage","@id":"https:\/\/www.bioptic.net\/en\/contact-us\/","url":"https:\/\/www.bioptic.net\/en\/contact-us\/","name":"Contact Us | Bi\u00f2ptic","isPartOf":{"@id":"https:\/\/www.bioptic.net\/en\/#website"},"datePublished":"2014-07-01T14:44:40+00:00","dateModified":"2025-07-01T15:40:56+00:00","description":"Come and meet our team with more than 20 years of experience in optometry and visual therapy. More than 4.000 customers trust in us. Contact us!","breadcrumb":{"@id":"https:\/\/www.bioptic.net\/en\/contact-us\/#breadcrumb"},"inLanguage":"en-US","potentialAction":[{"@type":"ReadAction","target":["https:\/\/www.bioptic.net\/en\/contact-us\/"]}]},{"@type":"BreadcrumbList","@id":"https:\/\/www.bioptic.net\/en\/contact-us\/#breadcrumb","itemListElement":[{"@type":"ListItem","position":1,"name":"Inici","item":"https:\/\/www.bioptic.net\/en\/"},{"@type":"ListItem","position":2,"name":"Contact Us"}]},{"@type":"WebSite","@id":"https:\/\/www.bioptic.net\/en\/#website","url":"https:\/\/www.bioptic.net\/en\/","name":"Bi\u00f2ptic - Orto-K, Optometria y \u00d3ptica en Barcelona","description":"Centro de la visi\u00f3n en Barcelona. Orto-K, Optometr\u00eda, \u00d3ptica, Lentes de Contacto, CRT, Problemas de visi\u00f3n, Terapia Visual.","potentialAction":[{"@type":"SearchAction","target":{"@type":"EntryPoint","urlTemplate":"https:\/\/www.bioptic.net\/en\/?s={search_term_string}"},"query-input":{"@type":"PropertyValueSpecification","valueRequired":true,"valueName":"search_term_string"}}],"inLanguage":"en-US"}]}},"_links":{"self":[{"href":"https:\/\/www.bioptic.net\/en\/wp-json\/wp\/v2\/pages\/408","targetHints":{"allow":["GET"]}}],"collection":[{"href":"https:\/\/www.bioptic.net\/en\/wp-json\/wp\/v2\/pages"}],"about":[{"href":"https:\/\/www.bioptic.net\/en\/wp-json\/wp\/v2\/types\/page"}],"author":[{"embeddable":true,"href":"https:\/\/www.bioptic.net\/en\/wp-json\/wp\/v2\/users\/1"}],"replies":[{"embeddable":true,"href":"https:\/\/www.bioptic.net\/en\/wp-json\/wp\/v2\/comments?post=408"}],"version-history":[{"count":2,"href":"https:\/\/www.bioptic.net\/en\/wp-json\/wp\/v2\/pages\/408\/revisions"}],"predecessor-version":[{"id":2654,"href":"https:\/\/www.bioptic.net\/en\/wp-json\/wp\/v2\/pages\/408\/revisions\/2654"}],"wp:attachment":[{"href":"https:\/\/www.bioptic.net\/en\/wp-json\/wp\/v2\/media?parent=408"}],"curies":[{"name":"wp","href":"https:\/\/api.w.org\/{rel}","templated":true}]}}