{"id":2710,"date":"2025-07-01T16:55:43","date_gmt":"2025-07-01T16:55:43","guid":{"rendered":"https:\/\/www.bioptic.net\/accessibility-statement\/"},"modified":"2025-07-01T16:55:43","modified_gmt":"2025-07-01T16:55:43","slug":"accessibility-statement","status":"publish","type":"page","link":"https:\/\/www.bioptic.net\/en\/accessibility-statement\/","title":{"rendered":"Accessibility statement"},"content":{"rendered":"<h1>Accessibility statement<\/h1>\n<p>Last updated date: July 1, 2025.<\/p>\n<p>Bi\u00f2ptic, SL undertakes to make its website https:\/\/www.bioptic.net accessible according to Royal Decree 1112\/2018 and Directive (EU) 2016\/2102.<\/p>\n<h2>Compliance status<\/h2>\n<p>This website is <strong>partially compliant<\/strong> with RD 1112\/2018 due to the exceptions and lack of compliance in the aspects indicated below.<\/p>\n<h2>Content not accessible<\/h2>\n<ul>\n<li>Some images may have missing or incomplete alt text.<\/li>\n<li>There may be editing or content structure errors.<\/li>\n<li>Documents published before September 20, 2018 (e.g. PDF) may not fully meet accessibility requirements.<\/li>\n<\/ul>\n<h2>Preparation of this statement<\/h2>\n<p>This declaration was prepared on July 1, 2025 through a self-assessment carried out by the Bi\u00f2ptic, SL team.<\/p>\n<p>Last revision of the statement: July 1, 2025.<\/p>\n<h2>Observations and contact details<\/h2>\n<p>If you detect any accessibility problems, you can contact us at:<\/p>\n<ul>\n<li>Email: info@bioptic.net<\/li>\n<li>Telephone: <a href=\"tel:+34933174347\">+34 93 317 43 47<\/a><\/li>\n<\/ul>\n<h2>Claim procedure<\/h2>\n<p>If your request or complaint is not addressed or is considered unsatisfactory, you can initiate a claim according to article 13 of RD 1112\/2018 before the competent body.<\/p>\n","protected":false},"excerpt":{"rendered":"<p>Accessibility statement Last updated date: July 1, 2025. Bi\u00f2ptic, SL undertakes to make its website https:\/\/www.bioptic.net accessible according to Royal Decree 1112\/2018 and Directive (EU) 2016\/2102. Compliance status This website is partially compliant with RD 1112\/2018 due to the exceptions and lack of compliance in the aspects indicated below. Content not accessible Some images may [&hellip;]<\/p>\n","protected":false},"author":3,"featured_media":0,"parent":0,"menu_order":150,"comment_status":"closed","ping_status":"closed","template":"","meta":{"_exactmetrics_skip_tracking":false,"_exactmetrics_sitenote_active":false,"_exactmetrics_sitenote_note":"","_exactmetrics_sitenote_category":0,"_joinchat":[],"footnotes":""},"class_list":["post-2710","page","type-page","status-publish","hentry"],"yoast_head":"<!-- This site is optimized with the Yoast SEO plugin v27.1.1 - https:\/\/yoast.com\/product\/yoast-seo-wordpress\/ -->\n<title>Accessibility statement - Bi\u00f2ptic - Orto-K, Optometria y \u00d3ptica en Barcelona<\/title>\n<meta name=\"robots\" content=\"index, follow, max-snippet:-1, max-image-preview:large, max-video-preview:-1\" \/>\n<link rel=\"canonical\" href=\"https:\/\/www.bioptic.net\/en\/accessibility-statement\/\" \/>\n<meta property=\"og:locale\" content=\"en_US\" \/>\n<meta property=\"og:type\" content=\"article\" \/>\n<meta property=\"og:title\" content=\"Accessibility statement - Bi\u00f2ptic - Orto-K, Optometria y \u00d3ptica en Barcelona\" \/>\n<meta property=\"og:description\" content=\"Accessibility statement Last updated date: July 1, 2025. Bi\u00f2ptic, SL undertakes to make its website https:\/\/www.bioptic.net accessible according to Royal Decree 1112\/2018 and Directive (EU) 2016\/2102. Compliance status This website is partially compliant with RD 1112\/2018 due to the exceptions and lack of compliance in the aspects indicated below. Content not accessible Some images may [&hellip;]\" \/>\n<meta property=\"og:url\" content=\"https:\/\/www.bioptic.net\/en\/accessibility-statement\/\" \/>\n<meta property=\"og:site_name\" content=\"Bi\u00f2ptic - Orto-K, Optometria y \u00d3ptica en Barcelona\" \/>\n<meta property=\"article:publisher\" content=\"https:\/\/www.facebook.com\/bioptic\" \/>\n<meta name=\"twitter:label1\" content=\"Est. reading time\" \/>\n\t<meta name=\"twitter:data1\" content=\"1 minute\" \/>\n<script type=\"application\/ld+json\" class=\"yoast-schema-graph\">{\"@context\":\"https:\/\/schema.org\",\"@graph\":[{\"@type\":\"WebPage\",\"@id\":\"https:\/\/www.bioptic.net\/en\/accessibility-statement\/\",\"url\":\"https:\/\/www.bioptic.net\/en\/accessibility-statement\/\",\"name\":\"Accessibility statement - Bi\u00f2ptic - Orto-K, Optometria y \u00d3ptica en Barcelona\",\"isPartOf\":{\"@id\":\"https:\/\/www.bioptic.net\/en\/#website\"},\"datePublished\":\"2025-07-01T16:55:43+00:00\",\"breadcrumb\":{\"@id\":\"https:\/\/www.bioptic.net\/en\/accessibility-statement\/#breadcrumb\"},\"inLanguage\":\"en-US\",\"potentialAction\":[{\"@type\":\"ReadAction\",\"target\":[\"https:\/\/www.bioptic.net\/en\/accessibility-statement\/\"]}]},{\"@type\":\"BreadcrumbList\",\"@id\":\"https:\/\/www.bioptic.net\/en\/accessibility-statement\/#breadcrumb\",\"itemListElement\":[{\"@type\":\"ListItem\",\"position\":1,\"name\":\"Inici\",\"item\":\"https:\/\/www.bioptic.net\/en\/\"},{\"@type\":\"ListItem\",\"position\":2,\"name\":\"Accessibility statement\"}]},{\"@type\":\"WebSite\",\"@id\":\"https:\/\/www.bioptic.net\/en\/#website\",\"url\":\"https:\/\/www.bioptic.net\/en\/\",\"name\":\"Bi\u00f2ptic - Orto-K, Optometria y \u00d3ptica en Barcelona\",\"description\":\"Centro de la visi\u00f3n en Barcelona. Orto-K, Optometr\u00eda, \u00d3ptica, Lentes de Contacto, CRT, Problemas de visi\u00f3n, Terapia Visual.\",\"potentialAction\":[{\"@type\":\"SearchAction\",\"target\":{\"@type\":\"EntryPoint\",\"urlTemplate\":\"https:\/\/www.bioptic.net\/en\/?s={search_term_string}\"},\"query-input\":{\"@type\":\"PropertyValueSpecification\",\"valueRequired\":true,\"valueName\":\"search_term_string\"}}],\"inLanguage\":\"en-US\"}]}<\/script>\n<!-- \/ Yoast SEO plugin. -->","yoast_head_json":{"title":"Accessibility statement - Bi\u00f2ptic - Orto-K, Optometria y \u00d3ptica en Barcelona","robots":{"index":"index","follow":"follow","max-snippet":"max-snippet:-1","max-image-preview":"max-image-preview:large","max-video-preview":"max-video-preview:-1"},"canonical":"https:\/\/www.bioptic.net\/en\/accessibility-statement\/","og_locale":"en_US","og_type":"article","og_title":"Accessibility statement - Bi\u00f2ptic - Orto-K, Optometria y \u00d3ptica en Barcelona","og_description":"Accessibility statement Last updated date: July 1, 2025. Bi\u00f2ptic, SL undertakes to make its website https:\/\/www.bioptic.net accessible according to Royal Decree 1112\/2018 and Directive (EU) 2016\/2102. Compliance status This website is partially compliant with RD 1112\/2018 due to the exceptions and lack of compliance in the aspects indicated below. Content not accessible Some images may [&hellip;]","og_url":"https:\/\/www.bioptic.net\/en\/accessibility-statement\/","og_site_name":"Bi\u00f2ptic - Orto-K, Optometria y \u00d3ptica en Barcelona","article_publisher":"https:\/\/www.facebook.com\/bioptic","twitter_misc":{"Est. reading time":"1 minute"},"schema":{"@context":"https:\/\/schema.org","@graph":[{"@type":"WebPage","@id":"https:\/\/www.bioptic.net\/en\/accessibility-statement\/","url":"https:\/\/www.bioptic.net\/en\/accessibility-statement\/","name":"Accessibility statement - Bi\u00f2ptic - Orto-K, Optometria y \u00d3ptica en Barcelona","isPartOf":{"@id":"https:\/\/www.bioptic.net\/en\/#website"},"datePublished":"2025-07-01T16:55:43+00:00","breadcrumb":{"@id":"https:\/\/www.bioptic.net\/en\/accessibility-statement\/#breadcrumb"},"inLanguage":"en-US","potentialAction":[{"@type":"ReadAction","target":["https:\/\/www.bioptic.net\/en\/accessibility-statement\/"]}]},{"@type":"BreadcrumbList","@id":"https:\/\/www.bioptic.net\/en\/accessibility-statement\/#breadcrumb","itemListElement":[{"@type":"ListItem","position":1,"name":"Inici","item":"https:\/\/www.bioptic.net\/en\/"},{"@type":"ListItem","position":2,"name":"Accessibility statement"}]},{"@type":"WebSite","@id":"https:\/\/www.bioptic.net\/en\/#website","url":"https:\/\/www.bioptic.net\/en\/","name":"Bi\u00f2ptic - Orto-K, Optometria y \u00d3ptica en Barcelona","description":"Centro de la visi\u00f3n en Barcelona. Orto-K, Optometr\u00eda, \u00d3ptica, Lentes de Contacto, CRT, Problemas de visi\u00f3n, Terapia Visual.","potentialAction":[{"@type":"SearchAction","target":{"@type":"EntryPoint","urlTemplate":"https:\/\/www.bioptic.net\/en\/?s={search_term_string}"},"query-input":{"@type":"PropertyValueSpecification","valueRequired":true,"valueName":"search_term_string"}}],"inLanguage":"en-US"}]}},"_links":{"self":[{"href":"https:\/\/www.bioptic.net\/en\/wp-json\/wp\/v2\/pages\/2710","targetHints":{"allow":["GET"]}}],"collection":[{"href":"https:\/\/www.bioptic.net\/en\/wp-json\/wp\/v2\/pages"}],"about":[{"href":"https:\/\/www.bioptic.net\/en\/wp-json\/wp\/v2\/types\/page"}],"author":[{"embeddable":true,"href":"https:\/\/www.bioptic.net\/en\/wp-json\/wp\/v2\/users\/3"}],"replies":[{"embeddable":true,"href":"https:\/\/www.bioptic.net\/en\/wp-json\/wp\/v2\/comments?post=2710"}],"version-history":[{"count":0,"href":"https:\/\/www.bioptic.net\/en\/wp-json\/wp\/v2\/pages\/2710\/revisions"}],"wp:attachment":[{"href":"https:\/\/www.bioptic.net\/en\/wp-json\/wp\/v2\/media?parent=2710"}],"curies":[{"name":"wp","href":"https:\/\/api.w.org\/{rel}","templated":true}]}}