{"id":1553,"date":"2016-01-03T11:50:51","date_gmt":"2016-01-03T11:50:51","guid":{"rendered":"https:\/\/bioptic.net\/en\/cristales-blue-cut\/"},"modified":"2021-10-29T09:27:15","modified_gmt":"2021-10-29T09:27:15","slug":"bluecut-glasses","status":"publish","type":"page","link":"https:\/\/www.bioptic.net\/en\/bluecut-glasses\/","title":{"rendered":"BlueCut glasses"},"content":{"rendered":"<div id='full_slider_1'  class='avia-fullwidth-slider main_color avia-shadow   avia-builder-el-0  el_before_av_section  avia-builder-el-first   container_wrap sidebar_right'  ><div  class='avia-slideshow av-av_slideshow_full-ca9aa842821e3a17b01b4e99e5d40465 avia-slideshow-no scaling av_slideshow_full avia-slide-slider av-slideshow-ui av-control-default av-slideshow-manual av-loop-once av-loop-manual-endless av-default-height-applied   avia-slideshow-1' data-slideshow-options=\"{&quot;animation&quot;:&quot;slide&quot;,&quot;autoplay&quot;:false,&quot;loop_autoplay&quot;:&quot;once&quot;,&quot;interval&quot;:5,&quot;loop_manual&quot;:&quot;manual-endless&quot;,&quot;autoplay_stopper&quot;:false,&quot;noNavigation&quot;:false,&quot;bg_slider&quot;:false,&quot;keep_padding&quot;:false,&quot;hoverpause&quot;:false,&quot;show_slide_delay&quot;:0}\"  itemprop=\"image\" itemscope=\"itemscope\" itemtype=\"https:\/\/schema.org\/ImageObject\" ><ul class='avia-slideshow-inner ' style='padding-bottom: 30%;'><li  class='avia-slideshow-slide av-av_slideshow_full-ca9aa842821e3a17b01b4e99e5d40465__0  av-single-slide slide-1 slide-odd'><div data-rel='slideshow-1' class='avia-slide-wrap '   ><div class='av-slideshow-caption av-av_slideshow_full-ca9aa842821e3a17b01b4e99e5d40465__0 caption_fullwidth caption_center caption_center_framed caption_framed'><div class=\"container caption_container\"><div class=\"slideshow_caption\"><div class=\"slideshow_inner_caption\"><div class=\"slideshow_align_caption\"><div class='avia-caption-content '  itemprop=\"description\" ><p><b>CRISTALES BLUECUT<\/b><br \/>\nProtegen tus ojos frente a la<br \/>\nluz azul de las pantallas<\/p>\n<\/div><\/div><\/div><\/div><\/div><\/div><img decoding=\"async\" fetchpriority=\"high\" class=\"wp-image-2231 avia-img-lazy-loading-not-2231\"  src=\"https:\/\/www.bioptic.net\/wp-content\/uploads\/2016\/01\/cristales-blue-cut-portada.jpg\" width=\"2000\" height=\"600\" title='cristales-blue-cut-portada' alt='Close-up of two hands holding a white tablet with a completely blank, white screen. The background is out of focus, highlighting the tablet&#039;s bluecut technology for enhanced eye comfort.'  itemprop=\"thumbnailUrl\" srcset=\"https:\/\/www.bioptic.net\/wp-content\/uploads\/2016\/01\/cristales-blue-cut-portada.jpg 2000w, https:\/\/www.bioptic.net\/wp-content\/uploads\/2016\/01\/cristales-blue-cut-portada-300x90.jpg 300w, https:\/\/www.bioptic.net\/wp-content\/uploads\/2016\/01\/cristales-blue-cut-portada-768x230.jpg 768w, https:\/\/www.bioptic.net\/wp-content\/uploads\/2016\/01\/cristales-blue-cut-portada-1030x309.jpg 1030w, https:\/\/www.bioptic.net\/wp-content\/uploads\/2016\/01\/cristales-blue-cut-portada-1500x450.jpg 1500w, https:\/\/www.bioptic.net\/wp-content\/uploads\/2016\/01\/cristales-blue-cut-portada-705x212.jpg 705w, https:\/\/www.bioptic.net\/wp-content\/uploads\/2016\/01\/cristales-blue-cut-portada-450x135.jpg 450w\" sizes=\"(max-width: 2000px) 100vw, 2000px\" \/><\/div><\/li><\/ul><\/div><\/div>\n<div id='block-blanco'  class='avia-section av-av_section-2f6d161c08e8b90e90da92720f9c8722 main_color avia-section-default avia-no-shadow  avia-builder-el-1  el_after_av_slideshow_full  el_before_av_heading  avia-bg-style-scroll container_wrap sidebar_right'  ><div class='container av-section-cont-open' ><div class='template-page content  av-content-small alpha units'><div class='post-entry post-entry-type-page post-entry-1553'><div class='entry-content-wrapper clearfix'>\n\n<style type=\"text\/css\" data-created_by=\"avia_inline_auto\" id=\"style-css-av-av_heading-40710d52d18fe1040de31f440705ad88\">\n#top .av-special-heading.av-av_heading-40710d52d18fe1040de31f440705ad88{\npadding-bottom:15px;\n}\nbody .av-special-heading.av-av_heading-40710d52d18fe1040de31f440705ad88 .av-special-heading-tag .heading-char{\nfont-size:25px;\n}\n.av-special-heading.av-av_heading-40710d52d18fe1040de31f440705ad88 .av-subheading{\nfont-size:15px;\n}\n<\/style>\n<div  class='av-special-heading av-av_heading-40710d52d18fe1040de31f440705ad88 av-special-heading-h2 custom-color-heading blockquote modern-quote modern-centered  avia-builder-el-2  el_before_av_one_half  avia-builder-el-first '><h2 class='av-special-heading-tag '  itemprop=\"headline\"  >Bluecut glasses<\/h2><div class=\"special-heading-border\"><div class=\"special-heading-inner-border\"><\/div><\/div><\/div>\n\n<style type=\"text\/css\" data-created_by=\"avia_inline_auto\" id=\"style-css-av-av_one_half-9497bbf8bff73ea4c6992cc17fa9ec36\">\n.flex_column.av-av_one_half-9497bbf8bff73ea4c6992cc17fa9ec36{\nborder-radius:0px 0px 0px 0px;\npadding:0px 0px 0px 0px;\n}\n<\/style>\n<div  class='flex_column av-av_one_half-9497bbf8bff73ea4c6992cc17fa9ec36 av_one_half  avia-builder-el-3  el_after_av_heading  el_before_av_one_half  first flex_column_div av-zero-column-padding  '     ><style type=\"text\/css\" data-created_by=\"avia_inline_auto\" id=\"style-css-av-av_image-f3e059fc002a2dbad9bbaa255b58e101\">\n.avia-image-container.av-av_image-f3e059fc002a2dbad9bbaa255b58e101 img.avia_image{\nbox-shadow:none;\n}\n.avia-image-container.av-av_image-f3e059fc002a2dbad9bbaa255b58e101 .av-image-caption-overlay-center{\ncolor:#ffffff;\n}\n<\/style>\n<div  class='avia-image-container av-av_image-f3e059fc002a2dbad9bbaa255b58e101 av-styling- avia-align-center  avia-builder-el-4  avia-builder-el-no-sibling '   itemprop=\"image\" itemscope=\"itemscope\" itemtype=\"https:\/\/schema.org\/ImageObject\" ><div class=\"avia-image-container-inner\"><div class=\"avia-image-overlay-wrap\"><img decoding=\"async\" fetchpriority=\"high\" class='wp-image-2247 avia-img-lazy-loading-not-2247 avia_image ' src=\"https:\/\/www.bioptic.net\/wp-content\/uploads\/2016\/01\/cristales-y-gafas-bluecut.jpg\" alt='A pair of rimless bluecut eyeglasses with rectangular lenses reflecting blue light, displayed against a dark background. The glasses feature thin metal arms and adjustable nose pads.' title='cristales-y-gafas-bluecut'  height=\"426\" width=\"640\"  itemprop=\"thumbnailUrl\" srcset=\"https:\/\/www.bioptic.net\/wp-content\/uploads\/2016\/01\/cristales-y-gafas-bluecut.jpg 640w, https:\/\/www.bioptic.net\/wp-content\/uploads\/2016\/01\/cristales-y-gafas-bluecut-300x200.jpg 300w, https:\/\/www.bioptic.net\/wp-content\/uploads\/2016\/01\/cristales-y-gafas-bluecut-450x300.jpg 450w\" sizes=\"(max-width: 640px) 100vw, 640px\" \/><\/div><\/div><\/div><\/div>\n<style type=\"text\/css\" data-created_by=\"avia_inline_auto\" id=\"style-css-av-av_one_half-9c1d454dc06f7247226bc4e8f931daae\">\n.flex_column.av-av_one_half-9c1d454dc06f7247226bc4e8f931daae{\nborder-radius:0px 0px 0px 0px;\npadding:0px 0px 0px 0px;\n}\n<\/style>\n<div  class='flex_column av-av_one_half-9c1d454dc06f7247226bc4e8f931daae av_one_half  avia-builder-el-5  el_after_av_one_half  el_before_av_hr  flex_column_div av-zero-column-padding  '     ><section  class='av_textblock_section av-av_textblock-396ddf1f42196ca838231e61a4602801 '   itemscope=\"itemscope\" itemtype=\"https:\/\/schema.org\/CreativeWork\" ><div class='avia_textblock'  itemprop=\"text\" ><p class=\"p1\"><strong>BlueCut glasses:<\/strong> protect your eyes from the screens radiation<\/p>\n<p class=\"p1\">BlueCut is the treatment that <strong>protects your eyes blocking the blue light radiation<\/strong> coming from led screens such as mobile phones, tablets, monitors, televisions&#8230;, preventing you from the harm caused by the continuous exposure to these devices.<\/p>\n<p class=\"p1\">In your working and free time, the BlueCut glasses protect your eyes from the blue light. In our everyday life, we get used more and more to live, work, enjoy, are connected, surrounded by screens. Such is the case that the number of daily hours of continuous exposure to the light that these devices give off has increased in a considerable way in the last years.<\/p>\n<p class=\"p1\">The spectre of visible light, natural as well as artificial, is composed of the chromatic rainbow, whose violet and blue zone is the most visible part which can harm our eyes.<\/p>\n<\/div><\/section><\/div>\n<style type=\"text\/css\" data-created_by=\"avia_inline_auto\" id=\"style-css-av-av_hr-0688d0b0b6ed2f8b057db7a8270206df\">\n#top .hr.hr-invisible.av-av_hr-0688d0b0b6ed2f8b057db7a8270206df{\nheight:50px;\n}\n<\/style>\n<div  class='hr av-av_hr-0688d0b0b6ed2f8b057db7a8270206df hr-invisible  avia-builder-el-7  el_after_av_one_half  el_before_av_heading '><span class='hr-inner '><span class=\"hr-inner-style\"><\/span><\/span><\/div>\n\n<style type=\"text\/css\" data-created_by=\"avia_inline_auto\" id=\"style-css-av-av_heading-090ca599553e3e6cc7aa21931bc055a8\">\n#top .av-special-heading.av-av_heading-090ca599553e3e6cc7aa21931bc055a8{\npadding-bottom:10px;\n}\nbody .av-special-heading.av-av_heading-090ca599553e3e6cc7aa21931bc055a8 .av-special-heading-tag .heading-char{\nfont-size:25px;\n}\n.av-special-heading.av-av_heading-090ca599553e3e6cc7aa21931bc055a8 .av-subheading{\nfont-size:15px;\n}\n<\/style>\n<div  class='av-special-heading av-av_heading-090ca599553e3e6cc7aa21931bc055a8 av-special-heading-h3  avia-builder-el-8  el_after_av_hr  el_before_av_hr '><h3 class='av-special-heading-tag '  itemprop=\"headline\"  >The led light gives off through the blue light spectre and taking into account the time we spend in front of the screens, to protect our eyes from this blue radiation has become as essential as to protect oneself from the sun rays effects on one\u2019s skin.<\/h3><div class=\"special-heading-border\"><div class=\"special-heading-inner-border\"><\/div><\/div><\/div>\n\n<style type=\"text\/css\" data-created_by=\"avia_inline_auto\" id=\"style-css-av-av_hr-0688d0b0b6ed2f8b057db7a8270206df\">\n#top .hr.hr-invisible.av-av_hr-0688d0b0b6ed2f8b057db7a8270206df{\nheight:50px;\n}\n<\/style>\n<div  class='hr av-av_hr-0688d0b0b6ed2f8b057db7a8270206df hr-invisible  avia-builder-el-9  el_after_av_heading  el_before_av_three_fifth '><span class='hr-inner '><span class=\"hr-inner-style\"><\/span><\/span><\/div>\n\n<style type=\"text\/css\" data-created_by=\"avia_inline_auto\" id=\"style-css-av-av_three_fifth-9497bbf8bff73ea4c6992cc17fa9ec36\">\n.flex_column.av-av_three_fifth-9497bbf8bff73ea4c6992cc17fa9ec36{\nborder-radius:0px 0px 0px 0px;\npadding:0px 0px 0px 0px;\n}\n<\/style>\n<div  class='flex_column av-av_three_fifth-9497bbf8bff73ea4c6992cc17fa9ec36 av_three_fifth  avia-builder-el-10  el_after_av_hr  el_before_av_two_fifth  first flex_column_div av-zero-column-padding  '     ><section  class='av_textblock_section av-av_textblock-396ddf1f42196ca838231e61a4602801 '   itemscope=\"itemscope\" itemtype=\"https:\/\/schema.org\/CreativeWork\" ><div class='avia_textblock'  itemprop=\"text\" ><p class=\"p1\">The BlueCut treatment has been <strong>designed to reflect the blue light preventing<\/strong> the blue spectre between <strong>400 and 500 nm<\/strong> from reaching the retina acting as a protector and favouring a more relaxed vision in the presence of these devices.<\/p>\n<p class=\"p1\">Available in all type of prescription and progressive glasses.<\/p>\n<\/div><\/section><\/div>\n<style type=\"text\/css\" data-created_by=\"avia_inline_auto\" id=\"style-css-av-av_two_fifth-9c1d454dc06f7247226bc4e8f931daae\">\n.flex_column.av-av_two_fifth-9c1d454dc06f7247226bc4e8f931daae{\nborder-radius:0px 0px 0px 0px;\npadding:0px 0px 0px 0px;\n}\n<\/style>\n<div  class='flex_column av-av_two_fifth-9c1d454dc06f7247226bc4e8f931daae av_two_fifth  avia-builder-el-12  el_after_av_three_fifth  avia-builder-el-last  flex_column_div av-zero-column-padding  '     ><style type=\"text\/css\" data-created_by=\"avia_inline_auto\" id=\"style-css-av-av_image-43ef226108e4f3d9540c37df9b1be957\">\n.avia-image-container.av-av_image-43ef226108e4f3d9540c37df9b1be957 img.avia_image{\nbox-shadow:none;\n}\n.avia-image-container.av-av_image-43ef226108e4f3d9540c37df9b1be957 .av-image-caption-overlay-center{\ncolor:#ffffff;\n}\n<\/style>\n<div  class='avia-image-container av-av_image-43ef226108e4f3d9540c37df9b1be957 av-styling- avia-align-center  avia-builder-el-13  avia-builder-el-no-sibling '   itemprop=\"image\" itemscope=\"itemscope\" itemtype=\"https:\/\/schema.org\/ImageObject\" ><div class=\"avia-image-container-inner\"><div class=\"avia-image-overlay-wrap\"><img decoding=\"async\" fetchpriority=\"high\" class='wp-image-2249 avia-img-lazy-loading-not-2249 avia_image ' src=\"https:\/\/www.bioptic.net\/wp-content\/uploads\/2016\/01\/cristales-blu-cut.jpg\" alt='A person wearing bluecut glasses lies on a bed while using a tablet, illuminated by the device\u2019s blue light in a dimly lit room.' title='cristales-blu-cut'  height=\"449\" width=\"801\"  itemprop=\"thumbnailUrl\" srcset=\"https:\/\/www.bioptic.net\/wp-content\/uploads\/2016\/01\/cristales-blu-cut.jpg 801w, https:\/\/www.bioptic.net\/wp-content\/uploads\/2016\/01\/cristales-blu-cut-300x168.jpg 300w, https:\/\/www.bioptic.net\/wp-content\/uploads\/2016\/01\/cristales-blu-cut-768x431.jpg 768w, https:\/\/www.bioptic.net\/wp-content\/uploads\/2016\/01\/cristales-blu-cut-705x395.jpg 705w, https:\/\/www.bioptic.net\/wp-content\/uploads\/2016\/01\/cristales-blu-cut-450x252.jpg 450w\" sizes=\"(max-width: 801px) 100vw, 801px\" \/><\/div><\/div><\/div><\/div>\n<\/div><\/div><\/div><!-- close content main div --><\/div><\/div><div id='after_section_1'  class='main_color av_default_container_wrap container_wrap sidebar_right'  ><div class='container av-section-cont-open' ><div class='template-page content  av-content-small alpha units'><div class='post-entry post-entry-type-page post-entry-1553'><div class='entry-content-wrapper clearfix'>\n\n<style type=\"text\/css\" data-created_by=\"avia_inline_auto\" id=\"style-css-av-av_heading-fefa9f762608be1972b8ce0addc47678\">\n#top .av-special-heading.av-av_heading-fefa9f762608be1972b8ce0addc47678{\npadding-bottom:15px;\nfont-size:20px;\n}\nbody .av-special-heading.av-av_heading-fefa9f762608be1972b8ce0addc47678 .av-special-heading-tag .heading-char{\nfont-size:25px;\n}\n#top #wrap_all .av-special-heading.av-av_heading-fefa9f762608be1972b8ce0addc47678 .av-special-heading-tag{\nfont-size:20px;\n}\n.av-special-heading.av-av_heading-fefa9f762608be1972b8ce0addc47678 .av-subheading{\nfont-size:15px;\n}\n\n@media only screen and (min-width: 480px) and (max-width: 767px){ \n#top #wrap_all .av-special-heading.av-av_heading-fefa9f762608be1972b8ce0addc47678 .av-special-heading-tag{\nfont-size:0.8em;\n}\n}\n\n@media only screen and (max-width: 479px){ \n#top #wrap_all .av-special-heading.av-av_heading-fefa9f762608be1972b8ce0addc47678 .av-special-heading-tag{\nfont-size:0.8em;\n}\n}\n<\/style>\n<div  class='av-special-heading av-av_heading-fefa9f762608be1972b8ce0addc47678 av-special-heading-h2 blockquote modern-quote modern-centered  avia-builder-el-14  el_after_av_section  el_before_av_contact  avia-builder-el-first  av-inherit-size'><h2 class='av-special-heading-tag '  itemprop=\"headline\"  >FILL IN THE FOLLOWING FORM AND WE WILL GET IN TOUCH WITH YOU PROMPTLY:<\/h2><div class=\"special-heading-border\"><div class=\"special-heading-inner-border\"><\/div><\/div><\/div>\n<form action=\"https:\/\/www.bioptic.net\/en\/bluecut-glasses\/\" method=\"post\" data-fields-with-error=\"Found errors in the following field(s):\" class=\"avia_ajax_form av-form-labels-visible   avia-builder-el-15  el_after_av_heading  avia-builder-el-last   \" data-avia-form-id=\"1\" data-avia-redirect='' ><fieldset><p class='  first_form  form_element form_fullwidth' id='element_avia_1_1'><label for=\"avia_1_1\">Name <abbr class=\"required\" title=\"required\">*<\/abbr><\/label> <input name=\"avia_1_1\" class=\"text_input is_empty\" type=\"text\" id=\"avia_1_1\" value=\"\" \/><\/p><p class='  first_form  form_element form_fullwidth' id='element_avia_2_1'><label for=\"avia_2_1\">Surname<\/label> <input name=\"avia_2_1\" class=\"text_input \" type=\"text\" id=\"avia_2_1\" value=\"\" \/><\/p><p class='  first_form  form_element form_fullwidth' id='element_avia_3_1'><label for=\"avia_3_1\">E-Mail <abbr class=\"required\" title=\"required\">*<\/abbr><\/label> <input name=\"avia_3_1\" class=\"text_input is_email\" type=\"text\" id=\"avia_3_1\" value=\"\" \/><\/p><p class='  first_form  form_element form_fullwidth' id='element_avia_4_1'><label for=\"avia_4_1\">Phone number <abbr class=\"required\" title=\"required\">*<\/abbr><\/label> <input name=\"avia_4_1\" class=\"text_input is_phone\" type=\"text\" id=\"avia_4_1\" value=\"\" \/><\/p><p class='  first_form  form_element form_fullwidth' id='element_avia_5_1'><label for=\"avia_5_1\">City <abbr class=\"required\" title=\"required\">*<\/abbr><\/label> <input name=\"avia_5_1\" class=\"text_input is_empty\" type=\"text\" id=\"avia_5_1\" value=\"\" \/><\/p><p class='  first_form  form_element form_fullwidth' id='element_avia_6_1'><label for=\"avia_6_1\">I currently use <abbr class=\"required\" title=\"required\">*<\/abbr><\/label><select  name=\"avia_6_1\" class=\"select is_empty\" id=\"avia_6_1\"><option   value='Contact lenses'>Contact lenses<\/option><\/select><\/p><p class='  first_form  form_element form_fullwidth' id='element_avia_7_1'><input  name=\"avia_7_1\" class=\"input_checkbox is_empty\" type=\"checkbox\" id=\"avia_7_1\" value=\"true\"\/><label class=\"input_checkbox_label\" for=\"avia_7_1\">I accept <a href=\"https:\/\/www.bioptic.net\/en\/terms-and-conditions\/\">terms and conditions<\/a> <abbr class=\"required\" title=\"required\">*<\/abbr><\/label><\/p><p class=\"hidden\"><input type=\"text\" name=\"avia_8_1\" class=\"hidden \" id=\"avia_8_1\" value=\"\" \/><\/p><p class='   form_element form_fullwidth' id='element_avia_9_1'><span class='value_verifier_label'>0 + 2 = ?<\/span><input name=\"avia_9_1_verifier\" type=\"hidden\" id=\"avia_9_1_verifier\" value=\"641124414\"\/><label for=\"avia_9_1\">Please prove that you are human by solving the equation <abbr class=\"required\" title=\"required\">*<\/abbr><\/label><input name=\"avia_9_1\" class=\"text_input captcha\" type=\"text\" id=\"avia_9_1\" value=\"\"\/><\/p><p class=\"form_element \"><input type=\"hidden\" value=\"1\" name=\"avia_generated_form1\" \/><input type=\"submit\" value=\"Send\" class=\"button\"  data-sending-label=\"Sending\"\/><\/p><\/fieldset><\/form><div id=\"ajaxresponse_1\" class=\"ajaxresponse ajaxresponse_1 hidden\"><\/div>\n","protected":false},"excerpt":{"rendered":"","protected":false},"author":1,"featured_media":0,"parent":0,"menu_order":0,"comment_status":"closed","ping_status":"closed","template":"","meta":{"_exactmetrics_skip_tracking":false,"_exactmetrics_sitenote_active":false,"_exactmetrics_sitenote_note":"","_exactmetrics_sitenote_category":0,"_joinchat":[],"footnotes":""},"class_list":["post-1553","page","type-page","status-publish","hentry"],"yoast_head":"<!-- This site is optimized with the Yoast SEO plugin v27.1.1 - https:\/\/yoast.com\/product\/yoast-seo-wordpress\/ -->\n<title>Cristales Bluecut: protegen tus ojos de la radiaci\u00f3n de las pantallas | Bi\u00f2ptic<\/title>\n<meta name=\"description\" content=\"Los cristales Bluecut protegen tus ojos bloqueando la radiaci\u00f3n de luz azul procedente de pantallas led como m\u00f3viles, tablets, monitores, televisiones.\" \/>\n<meta name=\"robots\" content=\"index, follow, max-snippet:-1, max-image-preview:large, max-video-preview:-1\" \/>\n<link rel=\"canonical\" href=\"https:\/\/www.bioptic.net\/en\/bluecut-glasses\/\" \/>\n<meta property=\"og:locale\" content=\"en_US\" \/>\n<meta property=\"og:type\" content=\"article\" \/>\n<meta property=\"og:title\" content=\"Cristales Bluecut: protegen tus ojos de la radiaci\u00f3n de las pantallas | Bi\u00f2ptic\" \/>\n<meta property=\"og:description\" content=\"Los cristales Bluecut protegen tus ojos bloqueando la radiaci\u00f3n de luz azul procedente de pantallas led como m\u00f3viles, tablets, monitores, televisiones.\" \/>\n<meta property=\"og:url\" content=\"https:\/\/www.bioptic.net\/en\/bluecut-glasses\/\" \/>\n<meta property=\"og:site_name\" content=\"Bi\u00f2ptic - Orto-K, Optometria y \u00d3ptica en Barcelona\" \/>\n<meta property=\"article:publisher\" content=\"https:\/\/www.facebook.com\/bioptic\" \/>\n<meta property=\"article:modified_time\" content=\"2021-10-29T09:27:15+00:00\" \/>\n<meta name=\"twitter:label1\" content=\"Est. reading time\" \/>\n\t<meta name=\"twitter:data1\" content=\"7 minutes\" \/>\n<script type=\"application\/ld+json\" class=\"yoast-schema-graph\">{\"@context\":\"https:\/\/schema.org\",\"@graph\":[{\"@type\":\"WebPage\",\"@id\":\"https:\/\/www.bioptic.net\/en\/bluecut-glasses\/\",\"url\":\"https:\/\/www.bioptic.net\/en\/bluecut-glasses\/\",\"name\":\"Cristales Bluecut: protegen tus ojos de la radiaci\u00f3n de las pantallas | Bi\u00f2ptic\",\"isPartOf\":{\"@id\":\"https:\/\/www.bioptic.net\/en\/#website\"},\"datePublished\":\"2016-01-03T11:50:51+00:00\",\"dateModified\":\"2021-10-29T09:27:15+00:00\",\"description\":\"Los cristales Bluecut protegen tus ojos bloqueando la radiaci\u00f3n de luz azul procedente de pantallas led como m\u00f3viles, tablets, monitores, televisiones.\",\"breadcrumb\":{\"@id\":\"https:\/\/www.bioptic.net\/en\/bluecut-glasses\/#breadcrumb\"},\"inLanguage\":\"en-US\",\"potentialAction\":[{\"@type\":\"ReadAction\",\"target\":[\"https:\/\/www.bioptic.net\/en\/bluecut-glasses\/\"]}]},{\"@type\":\"BreadcrumbList\",\"@id\":\"https:\/\/www.bioptic.net\/en\/bluecut-glasses\/#breadcrumb\",\"itemListElement\":[{\"@type\":\"ListItem\",\"position\":1,\"name\":\"Inici\",\"item\":\"https:\/\/www.bioptic.net\/en\/\"},{\"@type\":\"ListItem\",\"position\":2,\"name\":\"BlueCut glasses\"}]},{\"@type\":\"WebSite\",\"@id\":\"https:\/\/www.bioptic.net\/en\/#website\",\"url\":\"https:\/\/www.bioptic.net\/en\/\",\"name\":\"Bi\u00f2ptic - Orto-K, Optometria y \u00d3ptica en Barcelona\",\"description\":\"Centro de la visi\u00f3n en Barcelona. Orto-K, Optometr\u00eda, \u00d3ptica, Lentes de Contacto, CRT, Problemas de visi\u00f3n, Terapia Visual.\",\"potentialAction\":[{\"@type\":\"SearchAction\",\"target\":{\"@type\":\"EntryPoint\",\"urlTemplate\":\"https:\/\/www.bioptic.net\/en\/?s={search_term_string}\"},\"query-input\":{\"@type\":\"PropertyValueSpecification\",\"valueRequired\":true,\"valueName\":\"search_term_string\"}}],\"inLanguage\":\"en-US\"}]}<\/script>\n<!-- \/ Yoast SEO plugin. -->","yoast_head_json":{"title":"Cristales Bluecut: protegen tus ojos de la radiaci\u00f3n de las pantallas | Bi\u00f2ptic","description":"Los cristales Bluecut protegen tus ojos bloqueando la radiaci\u00f3n de luz azul procedente de pantallas led como m\u00f3viles, tablets, monitores, televisiones.","robots":{"index":"index","follow":"follow","max-snippet":"max-snippet:-1","max-image-preview":"max-image-preview:large","max-video-preview":"max-video-preview:-1"},"canonical":"https:\/\/www.bioptic.net\/en\/bluecut-glasses\/","og_locale":"en_US","og_type":"article","og_title":"Cristales Bluecut: protegen tus ojos de la radiaci\u00f3n de las pantallas | Bi\u00f2ptic","og_description":"Los cristales Bluecut protegen tus ojos bloqueando la radiaci\u00f3n de luz azul procedente de pantallas led como m\u00f3viles, tablets, monitores, televisiones.","og_url":"https:\/\/www.bioptic.net\/en\/bluecut-glasses\/","og_site_name":"Bi\u00f2ptic - Orto-K, Optometria y \u00d3ptica en Barcelona","article_publisher":"https:\/\/www.facebook.com\/bioptic","article_modified_time":"2021-10-29T09:27:15+00:00","twitter_misc":{"Est. reading time":"7 minutes"},"schema":{"@context":"https:\/\/schema.org","@graph":[{"@type":"WebPage","@id":"https:\/\/www.bioptic.net\/en\/bluecut-glasses\/","url":"https:\/\/www.bioptic.net\/en\/bluecut-glasses\/","name":"Cristales Bluecut: protegen tus ojos de la radiaci\u00f3n de las pantallas | Bi\u00f2ptic","isPartOf":{"@id":"https:\/\/www.bioptic.net\/en\/#website"},"datePublished":"2016-01-03T11:50:51+00:00","dateModified":"2021-10-29T09:27:15+00:00","description":"Los cristales Bluecut protegen tus ojos bloqueando la radiaci\u00f3n de luz azul procedente de pantallas led como m\u00f3viles, tablets, monitores, televisiones.","breadcrumb":{"@id":"https:\/\/www.bioptic.net\/en\/bluecut-glasses\/#breadcrumb"},"inLanguage":"en-US","potentialAction":[{"@type":"ReadAction","target":["https:\/\/www.bioptic.net\/en\/bluecut-glasses\/"]}]},{"@type":"BreadcrumbList","@id":"https:\/\/www.bioptic.net\/en\/bluecut-glasses\/#breadcrumb","itemListElement":[{"@type":"ListItem","position":1,"name":"Inici","item":"https:\/\/www.bioptic.net\/en\/"},{"@type":"ListItem","position":2,"name":"BlueCut glasses"}]},{"@type":"WebSite","@id":"https:\/\/www.bioptic.net\/en\/#website","url":"https:\/\/www.bioptic.net\/en\/","name":"Bi\u00f2ptic - Orto-K, Optometria y \u00d3ptica en Barcelona","description":"Centro de la visi\u00f3n en Barcelona. Orto-K, Optometr\u00eda, \u00d3ptica, Lentes de Contacto, CRT, Problemas de visi\u00f3n, Terapia Visual.","potentialAction":[{"@type":"SearchAction","target":{"@type":"EntryPoint","urlTemplate":"https:\/\/www.bioptic.net\/en\/?s={search_term_string}"},"query-input":{"@type":"PropertyValueSpecification","valueRequired":true,"valueName":"search_term_string"}}],"inLanguage":"en-US"}]}},"_links":{"self":[{"href":"https:\/\/www.bioptic.net\/en\/wp-json\/wp\/v2\/pages\/1553","targetHints":{"allow":["GET"]}}],"collection":[{"href":"https:\/\/www.bioptic.net\/en\/wp-json\/wp\/v2\/pages"}],"about":[{"href":"https:\/\/www.bioptic.net\/en\/wp-json\/wp\/v2\/types\/page"}],"author":[{"embeddable":true,"href":"https:\/\/www.bioptic.net\/en\/wp-json\/wp\/v2\/users\/1"}],"replies":[{"embeddable":true,"href":"https:\/\/www.bioptic.net\/en\/wp-json\/wp\/v2\/comments?post=1553"}],"version-history":[{"count":0,"href":"https:\/\/www.bioptic.net\/en\/wp-json\/wp\/v2\/pages\/1553\/revisions"}],"wp:attachment":[{"href":"https:\/\/www.bioptic.net\/en\/wp-json\/wp\/v2\/media?parent=1553"}],"curies":[{"name":"wp","href":"https:\/\/api.w.org\/{rel}","templated":true}]}}